{"id":769,"date":"2026-03-19T11:57:54","date_gmt":"2026-03-19T10:57:54","guid":{"rendered":"https:\/\/easeurope.sk\/privatlivspolitik\/"},"modified":"2026-04-28T14:21:56","modified_gmt":"2026-04-28T12:21:56","slug":"privatlivspolitik","status":"publish","type":"page","link":"https:\/\/easeurope.sk\/da\/privatlivspolitik\/","title":{"rendered":"Privatlivspolitik"},"content":{"rendered":"\t\t<div data-elementor-type=\"wp-page\" data-elementor-id=\"769\" class=\"elementor elementor-769 elementor-3\" data-elementor-post-type=\"page\">\n\t\t\t\t<div class=\"elementor-element elementor-element-6f18402c e-flex e-con-boxed e-con e-parent\" data-id=\"6f18402c\" data-element_type=\"container\" data-e-type=\"container\" data-settings=\"{&quot;background_background&quot;:&quot;classic&quot;}\">\n\t\t\t\t\t<div class=\"e-con-inner\">\n\t\t<div class=\"elementor-element elementor-element-56587d5b e-con-full e-flex e-con e-child\" data-id=\"56587d5b\" data-element_type=\"container\" data-e-type=\"container\">\n\t\t\t\t<div class=\"elementor-element elementor-element-7a74e4fa elementor-widget__width-inherit elementor-invisible elementor-widget elementor-widget-heading\" data-id=\"7a74e4fa\" data-element_type=\"widget\" data-e-type=\"widget\" data-settings=\"{&quot;_animation&quot;:&quot;fadeInLeft&quot;}\" data-widget_type=\"heading.default\">\n\t\t\t\t\t<h1 class=\"elementor-heading-title elementor-size-default\">Privatlivspolitik<\/h1>\t\t\t\t<\/div>\n\t\t\t\t<\/div>\n\t\t\t\t\t<\/div>\n\t\t\t\t<\/div>\n\t\t<div class=\"elementor-element elementor-element-10d5fa45 e-flex e-con-boxed e-con e-parent\" data-id=\"10d5fa45\" data-element_type=\"container\" data-e-type=\"container\">\n\t\t\t\t\t<div class=\"e-con-inner\">\n\t\t\t\t<div class=\"elementor-element elementor-element-190f29b5 elementor-widget elementor-widget-text-editor\" data-id=\"190f29b5\" data-element_type=\"widget\" data-e-type=\"widget\" data-widget_type=\"text-editor.default\">\n\t\t\t\t\t\t\t\t\t<p align=\"center\">\n  <span style=\"font-family: Verdana;\">\n    <b>Levering af personlige data<\/b><br>Brug af webstedet easyurope.sk kr\u00e6ver ikke indsendelse af personlige data.<br><br>\n    <b>Brug af personlige data<\/b><br>De angivne e-mail-adresser bruges udelukkende til kommunikation mellem easyurope.sk-webstedet og dets bes\u00f8gende. De angivne e-mail-adresser deles ikke med tredjepart.<br><br>\n    <b>Udvidelse af personlige data<\/b><br>I tilf\u00e6lde af konkurrencer, pr\u00e6mieudtr\u00e6kninger, quizzer og lignende aktiviteter kan operat\u00f8ren af webstedet easyurope.sk kr\u00e6ve, at deltagerne leverer yderligere personlige data i overensstemmelse med g\u00e6ldende lovbestemmelser.  Disse data er n\u00f8dvendige for at verificere deltagernes identitet eller for at underrette potentielle vindere, afh\u00e6ngigt af aktivitetens art. Oplysninger, der indhentes fra brugere, der deltager i aktiviteter sponsoreret af tredjepart, herunder personoplysninger, kan deles med s\u00e5danne tredjeparter. EAS Europe s.r.o. forbeholder sig retten til at offentligg\u00f8re navnene og muligvis andre oplysninger om vinderne af s\u00e5danne aktiviteter.<br> Alle oplysninger, som brugere af easyurope.sk-webstedet giver tredjepart, n\u00e5r de k\u00f8ber varer, tjenester eller deltager i andre aktiviteter, der er lettet af webstedet, er beskyttet i henhold til disse partners politikker og er ikke underlagt reglerne p\u00e5 dette side .<br>\n    <span style=\"color: #354e5d;\"><br><\/span><b>Brugerrettigheder<\/b><br> I overensstemmelse med loven om beskyttelse af personoplysninger har enhver bruger, der har leveret personlige data, ret til skriftligt (eller via e-mail) at anmode om oplysninger fra den registeransvarlige, som personlige data behandles om.\n  <\/span>\n<\/p>\t\t\t\t\t\t\t\t<\/div>\n\t\t\t\t\t<\/div>\n\t\t\t\t<\/div>\n\t\t\t\t<\/div>\n\t\t","protected":false},"excerpt":{"rendered":"<p>Privatlivspolitik Levering af personlige dataBrug af webstedet easyurope.sk kr\u00e6ver ikke indsendelse af personlige data. Brug af personlige dataDe angivne e-mail-adresser bruges udelukkende til kommunikation mellem easyurope.sk-webstedet og dets bes\u00f8gende. De angivne e-mail-adresser deles ikke med tredjepart. Udvidelse af personlige dataI tilf\u00e6lde af konkurrencer, pr\u00e6mieudtr\u00e6kninger, quizzer og lignende aktiviteter kan operat\u00f8ren af webstedet easyurope.sk kr\u00e6ve, at [&hellip;]<\/p>\n","protected":false},"author":1,"featured_media":0,"parent":0,"menu_order":0,"comment_status":"closed","ping_status":"closed","template":"","meta":{"footnotes":""},"class_list":["post-769","page","type-page","status-publish","hentry"],"yoast_head":"<!-- This site is optimized with the Yoast SEO plugin v27.4 - https:\/\/yoast.com\/product\/yoast-seo-wordpress\/ -->\n<title>Privatlivspolitik - EAS Europe, s.r.o.<\/title>\n<meta name=\"robots\" content=\"index, follow, max-snippet:-1, max-image-preview:large, max-video-preview:-1\" \/>\n<link rel=\"canonical\" href=\"https:\/\/easeurope.sk\/da\/privatlivspolitik\/\" \/>\n<meta property=\"og:locale\" content=\"da_DK\" \/>\n<meta property=\"og:type\" content=\"article\" \/>\n<meta property=\"og:title\" content=\"Privatlivspolitik - EAS Europe, s.r.o.\" \/>\n<meta property=\"og:description\" content=\"Privatlivspolitik Levering af personlige dataBrug af webstedet easyurope.sk kr\u00e6ver ikke indsendelse af personlige data. Brug af personlige dataDe angivne e-mail-adresser bruges udelukkende til kommunikation mellem easyurope.sk-webstedet og dets bes\u00f8gende. De angivne e-mail-adresser deles ikke med tredjepart. Udvidelse af personlige dataI tilf\u00e6lde af konkurrencer, pr\u00e6mieudtr\u00e6kninger, quizzer og lignende aktiviteter kan operat\u00f8ren af webstedet easyurope.sk kr\u00e6ve, at [&hellip;]\" \/>\n<meta property=\"og:url\" content=\"https:\/\/easeurope.sk\/da\/privatlivspolitik\/\" \/>\n<meta property=\"og:site_name\" content=\"EAS Europe, s.r.o.\" \/>\n<meta property=\"article:modified_time\" content=\"2026-04-28T12:21:56+00:00\" \/>\n<meta name=\"twitter:card\" content=\"summary_large_image\" \/>\n<meta name=\"twitter:label1\" content=\"Estimeret l\u00e6setid\" \/>\n\t<meta name=\"twitter:data1\" content=\"1 minut\" \/>\n<script type=\"application\/ld+json\" class=\"yoast-schema-graph\">{\"@context\":\"https:\\\/\\\/schema.org\",\"@graph\":[{\"@type\":\"WebPage\",\"@id\":\"https:\\\/\\\/easeurope.sk\\\/da\\\/privatlivspolitik\\\/\",\"url\":\"https:\\\/\\\/easeurope.sk\\\/da\\\/privatlivspolitik\\\/\",\"name\":\"Privatlivspolitik - EAS Europe, s.r.o.\",\"isPartOf\":{\"@id\":\"https:\\\/\\\/easeurope.sk\\\/da\\\/#website\"},\"datePublished\":\"2026-03-19T10:57:54+00:00\",\"dateModified\":\"2026-04-28T12:21:56+00:00\",\"breadcrumb\":{\"@id\":\"https:\\\/\\\/easeurope.sk\\\/da\\\/privatlivspolitik\\\/#breadcrumb\"},\"inLanguage\":\"da-DK\",\"potentialAction\":[{\"@type\":\"ReadAction\",\"target\":[\"https:\\\/\\\/easeurope.sk\\\/da\\\/privatlivspolitik\\\/\"]}]},{\"@type\":\"BreadcrumbList\",\"@id\":\"https:\\\/\\\/easeurope.sk\\\/da\\\/privatlivspolitik\\\/#breadcrumb\",\"itemListElement\":[{\"@type\":\"ListItem\",\"position\":1,\"name\":\"Domovsk\u00e1 str\u00e1nka\",\"item\":\"https:\\\/\\\/easeurope.sk\\\/da\\\/\"},{\"@type\":\"ListItem\",\"position\":2,\"name\":\"Privatlivspolitik\"}]},{\"@type\":\"WebSite\",\"@id\":\"https:\\\/\\\/easeurope.sk\\\/da\\\/#website\",\"url\":\"https:\\\/\\\/easeurope.sk\\\/da\\\/\",\"name\":\"EAS Europe, s.r.o.\",\"description\":\"\",\"publisher\":{\"@id\":\"https:\\\/\\\/easeurope.sk\\\/da\\\/#organization\"},\"potentialAction\":[{\"@type\":\"SearchAction\",\"target\":{\"@type\":\"EntryPoint\",\"urlTemplate\":\"https:\\\/\\\/easeurope.sk\\\/da\\\/?s={search_term_string}\"},\"query-input\":{\"@type\":\"PropertyValueSpecification\",\"valueRequired\":true,\"valueName\":\"search_term_string\"}}],\"inLanguage\":\"da-DK\"},{\"@type\":\"Organization\",\"@id\":\"https:\\\/\\\/easeurope.sk\\\/da\\\/#organization\",\"name\":\"EAS Europe, s.r.o.\",\"url\":\"https:\\\/\\\/easeurope.sk\\\/da\\\/\",\"logo\":{\"@type\":\"ImageObject\",\"inLanguage\":\"da-DK\",\"@id\":\"https:\\\/\\\/easeurope.sk\\\/da\\\/#\\\/schema\\\/logo\\\/image\\\/\",\"url\":\"https:\\\/\\\/easeurope.sk\\\/wp-content\\\/uploads\\\/2026\\\/04\\\/logopriehladne.png\",\"contentUrl\":\"https:\\\/\\\/easeurope.sk\\\/wp-content\\\/uploads\\\/2026\\\/04\\\/logopriehladne.png\",\"width\":800,\"height\":522,\"caption\":\"EAS Europe, s.r.o.\"},\"image\":{\"@id\":\"https:\\\/\\\/easeurope.sk\\\/da\\\/#\\\/schema\\\/logo\\\/image\\\/\"}}]}<\/script>\n<!-- \/ Yoast SEO plugin. -->","yoast_head_json":{"title":"Privatlivspolitik - EAS Europe, s.r.o.","robots":{"index":"index","follow":"follow","max-snippet":"max-snippet:-1","max-image-preview":"max-image-preview:large","max-video-preview":"max-video-preview:-1"},"canonical":"https:\/\/easeurope.sk\/da\/privatlivspolitik\/","og_locale":"da_DK","og_type":"article","og_title":"Privatlivspolitik - EAS Europe, s.r.o.","og_description":"Privatlivspolitik Levering af personlige dataBrug af webstedet easyurope.sk kr\u00e6ver ikke indsendelse af personlige data. Brug af personlige dataDe angivne e-mail-adresser bruges udelukkende til kommunikation mellem easyurope.sk-webstedet og dets bes\u00f8gende. De angivne e-mail-adresser deles ikke med tredjepart. Udvidelse af personlige dataI tilf\u00e6lde af konkurrencer, pr\u00e6mieudtr\u00e6kninger, quizzer og lignende aktiviteter kan operat\u00f8ren af webstedet easyurope.sk kr\u00e6ve, at [&hellip;]","og_url":"https:\/\/easeurope.sk\/da\/privatlivspolitik\/","og_site_name":"EAS Europe, s.r.o.","article_modified_time":"2026-04-28T12:21:56+00:00","twitter_card":"summary_large_image","twitter_misc":{"Estimeret l\u00e6setid":"1 minut"},"schema":{"@context":"https:\/\/schema.org","@graph":[{"@type":"WebPage","@id":"https:\/\/easeurope.sk\/da\/privatlivspolitik\/","url":"https:\/\/easeurope.sk\/da\/privatlivspolitik\/","name":"Privatlivspolitik - EAS Europe, s.r.o.","isPartOf":{"@id":"https:\/\/easeurope.sk\/da\/#website"},"datePublished":"2026-03-19T10:57:54+00:00","dateModified":"2026-04-28T12:21:56+00:00","breadcrumb":{"@id":"https:\/\/easeurope.sk\/da\/privatlivspolitik\/#breadcrumb"},"inLanguage":"da-DK","potentialAction":[{"@type":"ReadAction","target":["https:\/\/easeurope.sk\/da\/privatlivspolitik\/"]}]},{"@type":"BreadcrumbList","@id":"https:\/\/easeurope.sk\/da\/privatlivspolitik\/#breadcrumb","itemListElement":[{"@type":"ListItem","position":1,"name":"Domovsk\u00e1 str\u00e1nka","item":"https:\/\/easeurope.sk\/da\/"},{"@type":"ListItem","position":2,"name":"Privatlivspolitik"}]},{"@type":"WebSite","@id":"https:\/\/easeurope.sk\/da\/#website","url":"https:\/\/easeurope.sk\/da\/","name":"EAS Europe, s.r.o.","description":"","publisher":{"@id":"https:\/\/easeurope.sk\/da\/#organization"},"potentialAction":[{"@type":"SearchAction","target":{"@type":"EntryPoint","urlTemplate":"https:\/\/easeurope.sk\/da\/?s={search_term_string}"},"query-input":{"@type":"PropertyValueSpecification","valueRequired":true,"valueName":"search_term_string"}}],"inLanguage":"da-DK"},{"@type":"Organization","@id":"https:\/\/easeurope.sk\/da\/#organization","name":"EAS Europe, s.r.o.","url":"https:\/\/easeurope.sk\/da\/","logo":{"@type":"ImageObject","inLanguage":"da-DK","@id":"https:\/\/easeurope.sk\/da\/#\/schema\/logo\/image\/","url":"https:\/\/easeurope.sk\/wp-content\/uploads\/2026\/04\/logopriehladne.png","contentUrl":"https:\/\/easeurope.sk\/wp-content\/uploads\/2026\/04\/logopriehladne.png","width":800,"height":522,"caption":"EAS Europe, s.r.o."},"image":{"@id":"https:\/\/easeurope.sk\/da\/#\/schema\/logo\/image\/"}}]}},"_links":{"self":[{"href":"https:\/\/easeurope.sk\/da\/wp-json\/wp\/v2\/pages\/769","targetHints":{"allow":["GET"]}}],"collection":[{"href":"https:\/\/easeurope.sk\/da\/wp-json\/wp\/v2\/pages"}],"about":[{"href":"https:\/\/easeurope.sk\/da\/wp-json\/wp\/v2\/types\/page"}],"author":[{"embeddable":true,"href":"https:\/\/easeurope.sk\/da\/wp-json\/wp\/v2\/users\/1"}],"replies":[{"embeddable":true,"href":"https:\/\/easeurope.sk\/da\/wp-json\/wp\/v2\/comments?post=769"}],"version-history":[{"count":1,"href":"https:\/\/easeurope.sk\/da\/wp-json\/wp\/v2\/pages\/769\/revisions"}],"predecessor-version":[{"id":770,"href":"https:\/\/easeurope.sk\/da\/wp-json\/wp\/v2\/pages\/769\/revisions\/770"}],"wp:attachment":[{"href":"https:\/\/easeurope.sk\/da\/wp-json\/wp\/v2\/media?parent=769"}],"curies":[{"name":"wp","href":"https:\/\/api.w.org\/{rel}","templated":true}]}}