{"id":754,"date":"2026-03-19T11:57:54","date_gmt":"2026-03-19T10:57:54","guid":{"rendered":"https:\/\/easeurope.sk\/datenschutzrichtlinie\/"},"modified":"2026-04-28T14:00:03","modified_gmt":"2026-04-28T12:00:03","slug":"datenschutzrichtlinie","status":"publish","type":"page","link":"https:\/\/easeurope.sk\/de\/datenschutzrichtlinie\/","title":{"rendered":"Datenschutzrichtlinie"},"content":{"rendered":"\t\t<div data-elementor-type=\"wp-page\" data-elementor-id=\"754\" class=\"elementor elementor-754 elementor-3\" data-elementor-post-type=\"page\">\n\t\t\t\t<div class=\"elementor-element elementor-element-6f18402c e-flex e-con-boxed e-con e-parent\" data-id=\"6f18402c\" data-element_type=\"container\" data-e-type=\"container\" data-settings=\"{&quot;background_background&quot;:&quot;classic&quot;}\">\n\t\t\t\t\t<div class=\"e-con-inner\">\n\t\t<div class=\"elementor-element elementor-element-56587d5b e-con-full e-flex e-con e-child\" data-id=\"56587d5b\" data-element_type=\"container\" data-e-type=\"container\">\n\t\t\t\t<div class=\"elementor-element elementor-element-7a74e4fa elementor-widget__width-inherit elementor-invisible elementor-widget elementor-widget-heading\" data-id=\"7a74e4fa\" data-element_type=\"widget\" data-e-type=\"widget\" data-settings=\"{&quot;_animation&quot;:&quot;fadeInLeft&quot;}\" data-widget_type=\"heading.default\">\n\t\t\t\t\t<h1 class=\"elementor-heading-title elementor-size-default\">Datenschutzrichtlinie<\/h1>\t\t\t\t<\/div>\n\t\t\t\t<\/div>\n\t\t\t\t\t<\/div>\n\t\t\t\t<\/div>\n\t\t<div class=\"elementor-element elementor-element-10d5fa45 e-flex e-con-boxed e-con e-parent\" data-id=\"10d5fa45\" data-element_type=\"container\" data-e-type=\"container\">\n\t\t\t\t\t<div class=\"e-con-inner\">\n\t\t\t\t<div class=\"elementor-element elementor-element-190f29b5 elementor-widget elementor-widget-text-editor\" data-id=\"190f29b5\" data-element_type=\"widget\" data-e-type=\"widget\" data-widget_type=\"text-editor.default\">\n\t\t\t\t\t\t\t\t\t<p align=\"center\">\n  <span style=\"font-family: Verdana;\">\n    <b>Bereitstellung personenbezogener Daten<\/b><br>F\u00fcr die Nutzung der Website easeurope.sk ist keine \u00dcbermittlung personenbezogener Daten erforderlich.<br><br>\n    <b>Verwendung personenbezogener Daten<\/b><br>Die angegebenen E-Mail-Adressen dienen ausschlie\u00dflich der Kommunikation zwischen der Website easeurope.sk und ihren Besuchern. Die angegebenen E-Mail-Adressen werden nicht an Dritte weitergegeben.<br><br>\n    <b>Erweiterung personenbezogener Daten<\/b><br>Bei Wettbewerben, Verlosungen, Quizzen und \u00e4hnlichen Aktivit\u00e4ten kann der Betreiber der Website easeurope.sk von den Teilnehmern die Angabe zus\u00e4tzlicher personenbezogener Daten gem\u00e4\u00df den geltenden gesetzlichen Bestimmungen verlangen. Diese Daten sind je nach Art der Aktivit\u00e4t erforderlich, um die Identit\u00e4t der Teilnehmer zu \u00fcberpr\u00fcfen oder potenzielle Gewinner zu benachrichtigen. Informationen, die von Benutzern erhalten wurden, die an von Dritten gesponserten Aktivit\u00e4ten teilnehmen, einschlie\u00dflich personenbezogener Daten, k\u00f6nnen an diese Dritten weitergegeben werden EAS Europe sro beh\u00e4lt sich das Recht vor, die Namen und m\u00f6glicherweise andere Informationen \u00fcber die Gewinner solcher Aktivit\u00e4ten zu ver\u00f6ffentlichen.<br> Alle Informationen, die Benutzer der Website easeurope.sk Dritten beim Kauf von Waren, Dienstleistungen oder bei anderen von der Website erm\u00f6glichten Aktivit\u00e4ten zur Verf\u00fcgung stellen, sind gem\u00e4\u00df den Richtlinien dieser Partner gesch\u00fctzt und unterliegen nicht den auf dieser Seite angegebenen Regeln.<br>\n    <span style=\"color: #354e5d;\"><br><\/span><b>Benutzerrechte<\/b><br>Gem\u00e4\u00df dem Gesetz zum Schutz personenbezogener Daten hat jeder Benutzer, der personenbezogene Daten bereitgestellt hat, das Recht, vom f\u00fcr die Verarbeitung Verantwortlichen schriftlich (oder per E-Mail) Informationen dar\u00fcber anzufordern, welche personenbezogenen Daten verarbeitet werden.\n  <\/span>\n<\/p>\t\t\t\t\t\t\t\t<\/div>\n\t\t\t\t\t<\/div>\n\t\t\t\t<\/div>\n\t\t\t\t<\/div>\n\t\t","protected":false},"excerpt":{"rendered":"<p>Datenschutzrichtlinie Bereitstellung personenbezogener DatenF\u00fcr die Nutzung der Website easeurope.sk ist keine \u00dcbermittlung personenbezogener Daten erforderlich. Verwendung personenbezogener DatenDie angegebenen E-Mail-Adressen dienen ausschlie\u00dflich der Kommunikation zwischen der Website easeurope.sk und ihren Besuchern. Die angegebenen E-Mail-Adressen werden nicht an Dritte weitergegeben. Erweiterung personenbezogener DatenBei Wettbewerben, Verlosungen, Quizzen und \u00e4hnlichen Aktivit\u00e4ten kann der Betreiber der Website easeurope.sk von [&hellip;]<\/p>\n","protected":false},"author":1,"featured_media":0,"parent":0,"menu_order":0,"comment_status":"closed","ping_status":"closed","template":"","meta":{"footnotes":""},"class_list":["post-754","page","type-page","status-publish","hentry"],"yoast_head":"<!-- This site is optimized with the Yoast SEO plugin v27.4 - https:\/\/yoast.com\/product\/yoast-seo-wordpress\/ -->\n<title>Datenschutzrichtlinie - EAS Europe, s.r.o.<\/title>\n<meta name=\"robots\" content=\"index, follow, max-snippet:-1, max-image-preview:large, max-video-preview:-1\" \/>\n<link rel=\"canonical\" href=\"https:\/\/easeurope.sk\/de\/datenschutzrichtlinie\/\" \/>\n<meta property=\"og:locale\" content=\"de_DE\" \/>\n<meta property=\"og:type\" content=\"article\" \/>\n<meta property=\"og:title\" content=\"Datenschutzrichtlinie - EAS Europe, s.r.o.\" \/>\n<meta property=\"og:description\" content=\"Datenschutzrichtlinie Bereitstellung personenbezogener DatenF\u00fcr die Nutzung der Website easeurope.sk ist keine \u00dcbermittlung personenbezogener Daten erforderlich. Verwendung personenbezogener DatenDie angegebenen E-Mail-Adressen dienen ausschlie\u00dflich der Kommunikation zwischen der Website easeurope.sk und ihren Besuchern. Die angegebenen E-Mail-Adressen werden nicht an Dritte weitergegeben. Erweiterung personenbezogener DatenBei Wettbewerben, Verlosungen, Quizzen und \u00e4hnlichen Aktivit\u00e4ten kann der Betreiber der Website easeurope.sk von [&hellip;]\" \/>\n<meta property=\"og:url\" content=\"https:\/\/easeurope.sk\/de\/datenschutzrichtlinie\/\" \/>\n<meta property=\"og:site_name\" content=\"EAS Europe, s.r.o.\" \/>\n<meta property=\"article:modified_time\" content=\"2026-04-28T12:00:03+00:00\" \/>\n<meta name=\"twitter:card\" content=\"summary_large_image\" \/>\n<meta name=\"twitter:label1\" content=\"Gesch\u00e4tzte Lesezeit\" \/>\n\t<meta name=\"twitter:data1\" content=\"1\u00a0Minute\" \/>\n<script type=\"application\/ld+json\" class=\"yoast-schema-graph\">{\"@context\":\"https:\\\/\\\/schema.org\",\"@graph\":[{\"@type\":\"WebPage\",\"@id\":\"https:\\\/\\\/easeurope.sk\\\/de\\\/datenschutzrichtlinie\\\/\",\"url\":\"https:\\\/\\\/easeurope.sk\\\/de\\\/datenschutzrichtlinie\\\/\",\"name\":\"Datenschutzrichtlinie - EAS Europe, s.r.o.\",\"isPartOf\":{\"@id\":\"https:\\\/\\\/easeurope.sk\\\/de\\\/#website\"},\"datePublished\":\"2026-03-19T10:57:54+00:00\",\"dateModified\":\"2026-04-28T12:00:03+00:00\",\"breadcrumb\":{\"@id\":\"https:\\\/\\\/easeurope.sk\\\/de\\\/datenschutzrichtlinie\\\/#breadcrumb\"},\"inLanguage\":\"de\",\"potentialAction\":[{\"@type\":\"ReadAction\",\"target\":[\"https:\\\/\\\/easeurope.sk\\\/de\\\/datenschutzrichtlinie\\\/\"]}]},{\"@type\":\"BreadcrumbList\",\"@id\":\"https:\\\/\\\/easeurope.sk\\\/de\\\/datenschutzrichtlinie\\\/#breadcrumb\",\"itemListElement\":[{\"@type\":\"ListItem\",\"position\":1,\"name\":\"Domovsk\u00e1 str\u00e1nka\",\"item\":\"https:\\\/\\\/easeurope.sk\\\/de\\\/\"},{\"@type\":\"ListItem\",\"position\":2,\"name\":\"Datenschutzrichtlinie\"}]},{\"@type\":\"WebSite\",\"@id\":\"https:\\\/\\\/easeurope.sk\\\/de\\\/#website\",\"url\":\"https:\\\/\\\/easeurope.sk\\\/de\\\/\",\"name\":\"EAS Europe, s.r.o.\",\"description\":\"\",\"publisher\":{\"@id\":\"https:\\\/\\\/easeurope.sk\\\/de\\\/#organization\"},\"potentialAction\":[{\"@type\":\"SearchAction\",\"target\":{\"@type\":\"EntryPoint\",\"urlTemplate\":\"https:\\\/\\\/easeurope.sk\\\/de\\\/?s={search_term_string}\"},\"query-input\":{\"@type\":\"PropertyValueSpecification\",\"valueRequired\":true,\"valueName\":\"search_term_string\"}}],\"inLanguage\":\"de\"},{\"@type\":\"Organization\",\"@id\":\"https:\\\/\\\/easeurope.sk\\\/de\\\/#organization\",\"name\":\"EAS Europe, s.r.o.\",\"url\":\"https:\\\/\\\/easeurope.sk\\\/de\\\/\",\"logo\":{\"@type\":\"ImageObject\",\"inLanguage\":\"de\",\"@id\":\"https:\\\/\\\/easeurope.sk\\\/de\\\/#\\\/schema\\\/logo\\\/image\\\/\",\"url\":\"https:\\\/\\\/easeurope.sk\\\/wp-content\\\/uploads\\\/2026\\\/04\\\/logopriehladne.png\",\"contentUrl\":\"https:\\\/\\\/easeurope.sk\\\/wp-content\\\/uploads\\\/2026\\\/04\\\/logopriehladne.png\",\"width\":800,\"height\":522,\"caption\":\"EAS Europe, s.r.o.\"},\"image\":{\"@id\":\"https:\\\/\\\/easeurope.sk\\\/de\\\/#\\\/schema\\\/logo\\\/image\\\/\"}}]}<\/script>\n<!-- \/ Yoast SEO plugin. -->","yoast_head_json":{"title":"Datenschutzrichtlinie - EAS Europe, s.r.o.","robots":{"index":"index","follow":"follow","max-snippet":"max-snippet:-1","max-image-preview":"max-image-preview:large","max-video-preview":"max-video-preview:-1"},"canonical":"https:\/\/easeurope.sk\/de\/datenschutzrichtlinie\/","og_locale":"de_DE","og_type":"article","og_title":"Datenschutzrichtlinie - EAS Europe, s.r.o.","og_description":"Datenschutzrichtlinie Bereitstellung personenbezogener DatenF\u00fcr die Nutzung der Website easeurope.sk ist keine \u00dcbermittlung personenbezogener Daten erforderlich. Verwendung personenbezogener DatenDie angegebenen E-Mail-Adressen dienen ausschlie\u00dflich der Kommunikation zwischen der Website easeurope.sk und ihren Besuchern. Die angegebenen E-Mail-Adressen werden nicht an Dritte weitergegeben. Erweiterung personenbezogener DatenBei Wettbewerben, Verlosungen, Quizzen und \u00e4hnlichen Aktivit\u00e4ten kann der Betreiber der Website easeurope.sk von [&hellip;]","og_url":"https:\/\/easeurope.sk\/de\/datenschutzrichtlinie\/","og_site_name":"EAS Europe, s.r.o.","article_modified_time":"2026-04-28T12:00:03+00:00","twitter_card":"summary_large_image","twitter_misc":{"Gesch\u00e4tzte Lesezeit":"1\u00a0Minute"},"schema":{"@context":"https:\/\/schema.org","@graph":[{"@type":"WebPage","@id":"https:\/\/easeurope.sk\/de\/datenschutzrichtlinie\/","url":"https:\/\/easeurope.sk\/de\/datenschutzrichtlinie\/","name":"Datenschutzrichtlinie - EAS Europe, s.r.o.","isPartOf":{"@id":"https:\/\/easeurope.sk\/de\/#website"},"datePublished":"2026-03-19T10:57:54+00:00","dateModified":"2026-04-28T12:00:03+00:00","breadcrumb":{"@id":"https:\/\/easeurope.sk\/de\/datenschutzrichtlinie\/#breadcrumb"},"inLanguage":"de","potentialAction":[{"@type":"ReadAction","target":["https:\/\/easeurope.sk\/de\/datenschutzrichtlinie\/"]}]},{"@type":"BreadcrumbList","@id":"https:\/\/easeurope.sk\/de\/datenschutzrichtlinie\/#breadcrumb","itemListElement":[{"@type":"ListItem","position":1,"name":"Domovsk\u00e1 str\u00e1nka","item":"https:\/\/easeurope.sk\/de\/"},{"@type":"ListItem","position":2,"name":"Datenschutzrichtlinie"}]},{"@type":"WebSite","@id":"https:\/\/easeurope.sk\/de\/#website","url":"https:\/\/easeurope.sk\/de\/","name":"EAS Europe, s.r.o.","description":"","publisher":{"@id":"https:\/\/easeurope.sk\/de\/#organization"},"potentialAction":[{"@type":"SearchAction","target":{"@type":"EntryPoint","urlTemplate":"https:\/\/easeurope.sk\/de\/?s={search_term_string}"},"query-input":{"@type":"PropertyValueSpecification","valueRequired":true,"valueName":"search_term_string"}}],"inLanguage":"de"},{"@type":"Organization","@id":"https:\/\/easeurope.sk\/de\/#organization","name":"EAS Europe, s.r.o.","url":"https:\/\/easeurope.sk\/de\/","logo":{"@type":"ImageObject","inLanguage":"de","@id":"https:\/\/easeurope.sk\/de\/#\/schema\/logo\/image\/","url":"https:\/\/easeurope.sk\/wp-content\/uploads\/2026\/04\/logopriehladne.png","contentUrl":"https:\/\/easeurope.sk\/wp-content\/uploads\/2026\/04\/logopriehladne.png","width":800,"height":522,"caption":"EAS Europe, s.r.o."},"image":{"@id":"https:\/\/easeurope.sk\/de\/#\/schema\/logo\/image\/"}}]}},"_links":{"self":[{"href":"https:\/\/easeurope.sk\/de\/wp-json\/wp\/v2\/pages\/754","targetHints":{"allow":["GET"]}}],"collection":[{"href":"https:\/\/easeurope.sk\/de\/wp-json\/wp\/v2\/pages"}],"about":[{"href":"https:\/\/easeurope.sk\/de\/wp-json\/wp\/v2\/types\/page"}],"author":[{"embeddable":true,"href":"https:\/\/easeurope.sk\/de\/wp-json\/wp\/v2\/users\/1"}],"replies":[{"embeddable":true,"href":"https:\/\/easeurope.sk\/de\/wp-json\/wp\/v2\/comments?post=754"}],"version-history":[{"count":1,"href":"https:\/\/easeurope.sk\/de\/wp-json\/wp\/v2\/pages\/754\/revisions"}],"predecessor-version":[{"id":755,"href":"https:\/\/easeurope.sk\/de\/wp-json\/wp\/v2\/pages\/754\/revisions\/755"}],"wp:attachment":[{"href":"https:\/\/easeurope.sk\/de\/wp-json\/wp\/v2\/media?parent=754"}],"curies":[{"name":"wp","href":"https:\/\/api.w.org\/{rel}","templated":true}]}}