{"id":799,"date":"2026-04-13T23:06:26","date_gmt":"2026-04-13T21:06:26","guid":{"rendered":"https:\/\/easeurope.sk\/kontaktformular\/"},"modified":"2026-04-28T14:49:38","modified_gmt":"2026-04-28T12:49:38","slug":"kontaktformular","status":"publish","type":"page","link":"https:\/\/easeurope.sk\/de\/kontaktformular\/","title":{"rendered":"Kontaktformular"},"content":{"rendered":"\t\t<div data-elementor-type=\"wp-page\" data-elementor-id=\"799\" class=\"elementor elementor-799 elementor-451\" data-elementor-post-type=\"page\">\n\t\t\t\t<div class=\"elementor-element elementor-element-4506766c e-flex e-con-boxed e-con e-parent\" data-id=\"4506766c\" data-element_type=\"container\" data-e-type=\"container\" data-settings=\"{&quot;background_background&quot;:&quot;classic&quot;}\">\n\t\t\t\t\t<div class=\"e-con-inner\">\n\t\t<div class=\"elementor-element elementor-element-6462aa3 e-con-full e-flex e-con e-child\" data-id=\"6462aa3\" data-element_type=\"container\" data-e-type=\"container\">\n\t\t\t\t<div class=\"elementor-element elementor-element-7bcf8299 elementor-widget__width-inherit elementor-invisible elementor-widget elementor-widget-heading\" data-id=\"7bcf8299\" data-element_type=\"widget\" data-e-type=\"widget\" data-settings=\"{&quot;_animation&quot;:&quot;fadeInLeft&quot;}\" data-widget_type=\"heading.default\">\n\t\t\t\t\t<h1 class=\"elementor-heading-title elementor-size-default\">Kontaktformular<\/h1>\t\t\t\t<\/div>\n\t\t\t\t<\/div>\n\t\t\t\t\t<\/div>\n\t\t\t\t<\/div>\n\t\t<div class=\"elementor-element elementor-element-24fffca0 e-flex e-con-boxed e-con e-parent\" data-id=\"24fffca0\" data-element_type=\"container\" data-e-type=\"container\" data-settings=\"{&quot;background_background&quot;:&quot;classic&quot;}\">\n\t\t\t\t\t<div class=\"e-con-inner\">\n\t\t<div class=\"elementor-element elementor-element-be6a071 e-con-full e-flex e-con e-child\" data-id=\"be6a071\" data-element_type=\"container\" data-e-type=\"container\">\n\t\t\t\t<div class=\"elementor-element elementor-element-2fde805c elementor-widget-tablet__width-inherit elementor-invisible elementor-widget elementor-widget-heading\" data-id=\"2fde805c\" data-element_type=\"widget\" data-e-type=\"widget\" data-settings=\"{&quot;_animation&quot;:&quot;fadeInUp&quot;}\" data-widget_type=\"heading.default\">\n\t\t\t\t\t<h2 class=\"elementor-heading-title elementor-size-default\">Senden Sie uns eine Nachricht<\/h2>\t\t\t\t<\/div>\n\t\t\t\t<div class=\"elementor-element elementor-element-6d654abf elementor-widget-tablet__width-inherit elementor-widget elementor-widget-text-editor\" data-id=\"6d654abf\" data-element_type=\"widget\" data-e-type=\"widget\" data-widget_type=\"text-editor.default\">\n\t\t\t\t\t\t\t\t\t<p>Wir verf\u00fcgen \u00fcber ein Vertriebsteam, das Sie bei der PCB-Herstellung und PCB-Montage unterst\u00fctzt. Senden Sie jetzt Ihre PCB-Dateien oder Ihre Bom-Liste, Sie erhalten sehr bald ein Angebot!<\/p><p>F\u00fcr weitere Informationen z\u00f6gern Sie bitte nicht, uns zu kontaktieren. F\u00fcllen Sie das untenstehende Formular mit Ihren Daten und Ihrer Anfrage aus. Gerne antworten wir Ihnen so schnell wie m\u00f6glich.  <\/p>\t\t\t\t\t\t\t\t<\/div>\n\t\t<div class=\"elementor-element elementor-element-88e79b7 e-con-full e-flex elementor-invisible e-con e-child\" data-id=\"88e79b7\" data-element_type=\"container\" data-e-type=\"container\" data-settings=\"{&quot;background_background&quot;:&quot;classic&quot;,&quot;animation&quot;:&quot;fadeInRight&quot;}\">\n\t\t\t\t<div class=\"elementor-element elementor-element-33a69f0 elementor-button-align-stretch elementor-widget elementor-widget-form\" data-id=\"33a69f0\" data-element_type=\"widget\" data-e-type=\"widget\" data-settings=\"{&quot;step_next_label&quot;:&quot;\\u010eal\\u0161ie&quot;,&quot;step_previous_label&quot;:&quot;Predo\\u0161l\\u00e9&quot;,&quot;button_width&quot;:&quot;100&quot;,&quot;step_type&quot;:&quot;number_text&quot;,&quot;step_icon_shape&quot;:&quot;circle&quot;}\" data-widget_type=\"form.default\">\n\t\t\t\t\t\t\t<form class=\"elementor-form\" method=\"post\" name=\"New Form\" aria-label=\"New Form\">\n\t\t\t<input type=\"hidden\" name=\"post_id\" value=\"799\"\/>\n\t\t\t<input type=\"hidden\" name=\"form_id\" value=\"33a69f0\"\/>\n\t\t\t<input type=\"hidden\" name=\"referer_title\" value=\"EAS Europe, s.r.o.\" \/>\n\n\t\t\t\n\t\t\t<div class=\"elementor-form-fields-wrapper elementor-labels-\">\n\t\t\t\t\t\t\t\t<div class=\"elementor-field-type-text elementor-field-group elementor-column elementor-field-group-name elementor-col-100 elementor-field-required\">\n\t\t\t\t\t\t\t\t\t\t\t\t<label for=\"form-field-name\" class=\"elementor-field-label elementor-screen-only\">\n\t\t\t\t\t\t\t\tName\t\t\t\t\t\t\t<\/label>\n\t\t\t\t\t\t\t\t\t\t\t\t\t\t<input size=\"1\" type=\"text\" name=\"form_fields[name]\" id=\"form-field-name\" class=\"elementor-field elementor-size-sm  elementor-field-textual\" placeholder=\"Name*\" required=\"required\">\n\t\t\t\t\t\t\t\t\t\t\t<\/div>\n\t\t\t\t\t\t\t\t<div class=\"elementor-field-type-text elementor-field-group elementor-column elementor-field-group-field_f235817 elementor-col-100 elementor-field-required\">\n\t\t\t\t\t\t\t\t\t\t\t\t<label for=\"form-field-field_f235817\" class=\"elementor-field-label elementor-screen-only\">\n\t\t\t\t\t\t\t\tUnternehmen\t\t\t\t\t\t\t<\/label>\n\t\t\t\t\t\t\t\t\t\t\t\t\t\t<input size=\"1\" type=\"text\" name=\"form_fields[field_f235817]\" id=\"form-field-field_f235817\" class=\"elementor-field elementor-size-sm  elementor-field-textual\" placeholder=\"Unternehmen*\" required=\"required\">\n\t\t\t\t\t\t\t\t\t\t\t<\/div>\n\t\t\t\t\t\t\t\t<div class=\"elementor-field-type-email elementor-field-group elementor-column elementor-field-group-email elementor-col-100 elementor-field-required\">\n\t\t\t\t\t\t\t\t\t\t\t\t<label for=\"form-field-email\" class=\"elementor-field-label elementor-screen-only\">\n\t\t\t\t\t\t\t\tE-mail\t\t\t\t\t\t\t<\/label>\n\t\t\t\t\t\t\t\t\t\t\t\t\t\t<input size=\"1\" type=\"email\" name=\"form_fields[email]\" id=\"form-field-email\" class=\"elementor-field elementor-size-sm  elementor-field-textual\" placeholder=\"E-mail*\" required=\"required\">\n\t\t\t\t\t\t\t\t\t\t\t<\/div>\n\t\t\t\t\t\t\t\t<div class=\"elementor-field-type-textarea elementor-field-group elementor-column elementor-field-group-message elementor-col-100\">\n\t\t\t\t\t\t\t\t\t\t\t\t<label for=\"form-field-message\" class=\"elementor-field-label elementor-screen-only\">\n\t\t\t\t\t\t\t\tNachricht\t\t\t\t\t\t\t<\/label>\n\t\t\t\t\t\t<textarea class=\"elementor-field-textual elementor-field  elementor-size-sm\" name=\"form_fields[message]\" id=\"form-field-message\" rows=\"4\" placeholder=\"Nachricht\"><\/textarea>\t\t\t\t<\/div>\n\t\t\t\t\t\t\t\t<div class=\"elementor-field-type-file_upload elementor-field-group elementor-column elementor-field-group-field_0b861d5 elementor-col-100\">\n\t\t\t\t\t\t\t<div class=\"elementor-dragandrophandler-container\">\r\n\t\t\t<div class=\"elementor-dragandrophandler\" data-type=\"\" data-size=\"3\" data-max=\"5\">\r\n\t\t\t\t<div class=\"elementor-dragandrophandler-inner\">\r\n\t\t\t\t\t<div class=\"elementor-text-drop\">Drag &amp; Drop BOM Files Here<\/div>\r\n\t\t\t\t\t<div class=\"elementor-text-or\">or<\/div>\r\n\t\t\t\t\t<div class=\"elementor-text-browser\"><a style=\"padding:10px 24px 10px 24px !important; border-width:0px 0px 0px 0px !important; border-radius:5px 5px 5px 5px !important; color:#ffffff!important; background:#6381E6!important; border-color:#6381E6!important; border-style:solid !important; \" href=\"#\">Browse Files<\/a><\/div>\r\n\t\t\t\t<\/div>\r\n\t\t\t\t<input type=\"file\" class=\"input-uploads hidden\" multiple>\r\n\t\t\t<\/div>\r\n\t\t<\/div>\r\n\t\t<input type=\"hidden\" name=\"form_fields[field_0b861d5]\" id=\"form-field-field_0b861d5\" class=\"elementor-field elementor-size-sm  elementor-upload-field-drap_drop\">\r\n\t\t\t\t\t<\/div>\n\t\t\t\t\t\t\t\t<div class=\"elementor-field-type-recaptcha_v3 elementor-field-group elementor-column elementor-field-group-field_4063462 elementor-col-100 recaptcha_v3-inline\">\n\t\t\t\t\t<div class=\"elementor-field\" id=\"form-field-field_4063462\"><div class=\"elementor-g-recaptcha\" data-sitekey=\"6LeBJ7csAAAAACIsY6EBJSM-tJP0ZhGQZ_CFFwK1\" data-type=\"v3\" data-action=\"Form\" data-badge=\"inline\" data-size=\"invisible\"><\/div><\/div>\t\t\t\t<\/div>\n\t\t\t\t\t\t\t\t<div class=\"elementor-field-group elementor-column elementor-field-type-submit elementor-col-100 e-form__buttons\">\n\t\t\t\t\t<button class=\"elementor-button elementor-size-sm\" type=\"submit\">\n\t\t\t\t\t\t<span class=\"elementor-button-content-wrapper\">\n\t\t\t\t\t\t\t\t\t\t\t\t\t\t\t\t\t\t\t\t\t\t<span class=\"elementor-button-text\">Senden<\/span>\n\t\t\t\t\t\t\t\t\t\t\t\t\t<\/span>\n\t\t\t\t\t<\/button>\n\t\t\t\t<\/div>\n\t\t\t<\/div>\n\t\t<\/form>\n\t\t\t\t\t\t<\/div>\n\t\t\t\t<\/div>\n\t\t\t\t<div class=\"elementor-element elementor-element-a597a18 elementor-widget-divider--view-line elementor-widget elementor-widget-divider\" data-id=\"a597a18\" data-element_type=\"widget\" data-e-type=\"widget\" data-widget_type=\"divider.default\">\n\t\t\t\t\t\t\t<div class=\"elementor-divider\">\n\t\t\t<span class=\"elementor-divider-separator\">\n\t\t\t\t\t\t<\/span>\n\t\t<\/div>\n\t\t\t\t\t\t<\/div>\n\t\t\t\t<\/div>\n\t\t\t\t\t<\/div>\n\t\t\t\t<\/div>\n\t\t\t\t<\/div>\n\t\t","protected":false},"excerpt":{"rendered":"<p>Kontaktformular Senden Sie uns eine Nachricht Wir verf\u00fcgen \u00fcber ein Vertriebsteam, das Sie bei der PCB-Herstellung und PCB-Montage unterst\u00fctzt. Senden Sie jetzt Ihre PCB-Dateien oder Ihre Bom-Liste, Sie erhalten sehr bald ein Angebot! F\u00fcr weitere Informationen z\u00f6gern Sie bitte nicht, uns zu kontaktieren. F\u00fcllen Sie das untenstehende Formular mit Ihren Daten und Ihrer Anfrage aus. [&hellip;]<\/p>\n","protected":false},"author":1,"featured_media":0,"parent":0,"menu_order":0,"comment_status":"closed","ping_status":"closed","template":"","meta":{"footnotes":""},"class_list":["post-799","page","type-page","status-publish","hentry"],"yoast_head":"<!-- This site is optimized with the Yoast SEO plugin v27.4 - https:\/\/yoast.com\/product\/yoast-seo-wordpress\/ -->\n<title>Kontaktformular - EAS Europe, s.r.o.<\/title>\n<meta name=\"robots\" content=\"index, follow, max-snippet:-1, max-image-preview:large, max-video-preview:-1\" \/>\n<link rel=\"canonical\" href=\"https:\/\/easeurope.sk\/de\/kontaktformular\/\" \/>\n<meta property=\"og:locale\" content=\"de_DE\" \/>\n<meta property=\"og:type\" content=\"article\" \/>\n<meta property=\"og:title\" content=\"Kontaktformular - EAS Europe, s.r.o.\" \/>\n<meta property=\"og:description\" content=\"Kontaktformular Senden Sie uns eine Nachricht Wir verf\u00fcgen \u00fcber ein Vertriebsteam, das Sie bei der PCB-Herstellung und PCB-Montage unterst\u00fctzt. Senden Sie jetzt Ihre PCB-Dateien oder Ihre Bom-Liste, Sie erhalten sehr bald ein Angebot! F\u00fcr weitere Informationen z\u00f6gern Sie bitte nicht, uns zu kontaktieren. F\u00fcllen Sie das untenstehende Formular mit Ihren Daten und Ihrer Anfrage aus. [&hellip;]\" \/>\n<meta property=\"og:url\" content=\"https:\/\/easeurope.sk\/de\/kontaktformular\/\" \/>\n<meta property=\"og:site_name\" content=\"EAS Europe, s.r.o.\" \/>\n<meta property=\"article:modified_time\" content=\"2026-04-28T12:49:38+00:00\" \/>\n<meta name=\"twitter:card\" content=\"summary_large_image\" \/>\n<script type=\"application\/ld+json\" class=\"yoast-schema-graph\">{\"@context\":\"https:\\\/\\\/schema.org\",\"@graph\":[{\"@type\":\"WebPage\",\"@id\":\"https:\\\/\\\/easeurope.sk\\\/de\\\/kontaktformular\\\/\",\"url\":\"https:\\\/\\\/easeurope.sk\\\/de\\\/kontaktformular\\\/\",\"name\":\"Kontaktformular - EAS Europe, s.r.o.\",\"isPartOf\":{\"@id\":\"https:\\\/\\\/easeurope.sk\\\/de\\\/#website\"},\"datePublished\":\"2026-04-13T21:06:26+00:00\",\"dateModified\":\"2026-04-28T12:49:38+00:00\",\"breadcrumb\":{\"@id\":\"https:\\\/\\\/easeurope.sk\\\/de\\\/kontaktformular\\\/#breadcrumb\"},\"inLanguage\":\"de\",\"potentialAction\":[{\"@type\":\"ReadAction\",\"target\":[\"https:\\\/\\\/easeurope.sk\\\/de\\\/kontaktformular\\\/\"]}]},{\"@type\":\"BreadcrumbList\",\"@id\":\"https:\\\/\\\/easeurope.sk\\\/de\\\/kontaktformular\\\/#breadcrumb\",\"itemListElement\":[{\"@type\":\"ListItem\",\"position\":1,\"name\":\"Domovsk\u00e1 str\u00e1nka\",\"item\":\"https:\\\/\\\/easeurope.sk\\\/de\\\/\"},{\"@type\":\"ListItem\",\"position\":2,\"name\":\"Kontaktformular\"}]},{\"@type\":\"WebSite\",\"@id\":\"https:\\\/\\\/easeurope.sk\\\/de\\\/#website\",\"url\":\"https:\\\/\\\/easeurope.sk\\\/de\\\/\",\"name\":\"EAS Europe, s.r.o.\",\"description\":\"\",\"publisher\":{\"@id\":\"https:\\\/\\\/easeurope.sk\\\/de\\\/#organization\"},\"potentialAction\":[{\"@type\":\"SearchAction\",\"target\":{\"@type\":\"EntryPoint\",\"urlTemplate\":\"https:\\\/\\\/easeurope.sk\\\/de\\\/?s={search_term_string}\"},\"query-input\":{\"@type\":\"PropertyValueSpecification\",\"valueRequired\":true,\"valueName\":\"search_term_string\"}}],\"inLanguage\":\"de\"},{\"@type\":\"Organization\",\"@id\":\"https:\\\/\\\/easeurope.sk\\\/de\\\/#organization\",\"name\":\"EAS Europe, s.r.o.\",\"url\":\"https:\\\/\\\/easeurope.sk\\\/de\\\/\",\"logo\":{\"@type\":\"ImageObject\",\"inLanguage\":\"de\",\"@id\":\"https:\\\/\\\/easeurope.sk\\\/de\\\/#\\\/schema\\\/logo\\\/image\\\/\",\"url\":\"https:\\\/\\\/easeurope.sk\\\/wp-content\\\/uploads\\\/2026\\\/04\\\/logopriehladne.png\",\"contentUrl\":\"https:\\\/\\\/easeurope.sk\\\/wp-content\\\/uploads\\\/2026\\\/04\\\/logopriehladne.png\",\"width\":800,\"height\":522,\"caption\":\"EAS Europe, s.r.o.\"},\"image\":{\"@id\":\"https:\\\/\\\/easeurope.sk\\\/de\\\/#\\\/schema\\\/logo\\\/image\\\/\"}}]}<\/script>\n<!-- \/ Yoast SEO plugin. -->","yoast_head_json":{"title":"Kontaktformular - EAS Europe, s.r.o.","robots":{"index":"index","follow":"follow","max-snippet":"max-snippet:-1","max-image-preview":"max-image-preview:large","max-video-preview":"max-video-preview:-1"},"canonical":"https:\/\/easeurope.sk\/de\/kontaktformular\/","og_locale":"de_DE","og_type":"article","og_title":"Kontaktformular - EAS Europe, s.r.o.","og_description":"Kontaktformular Senden Sie uns eine Nachricht Wir verf\u00fcgen \u00fcber ein Vertriebsteam, das Sie bei der PCB-Herstellung und PCB-Montage unterst\u00fctzt. Senden Sie jetzt Ihre PCB-Dateien oder Ihre Bom-Liste, Sie erhalten sehr bald ein Angebot! F\u00fcr weitere Informationen z\u00f6gern Sie bitte nicht, uns zu kontaktieren. F\u00fcllen Sie das untenstehende Formular mit Ihren Daten und Ihrer Anfrage aus. [&hellip;]","og_url":"https:\/\/easeurope.sk\/de\/kontaktformular\/","og_site_name":"EAS Europe, s.r.o.","article_modified_time":"2026-04-28T12:49:38+00:00","twitter_card":"summary_large_image","schema":{"@context":"https:\/\/schema.org","@graph":[{"@type":"WebPage","@id":"https:\/\/easeurope.sk\/de\/kontaktformular\/","url":"https:\/\/easeurope.sk\/de\/kontaktformular\/","name":"Kontaktformular - EAS Europe, s.r.o.","isPartOf":{"@id":"https:\/\/easeurope.sk\/de\/#website"},"datePublished":"2026-04-13T21:06:26+00:00","dateModified":"2026-04-28T12:49:38+00:00","breadcrumb":{"@id":"https:\/\/easeurope.sk\/de\/kontaktformular\/#breadcrumb"},"inLanguage":"de","potentialAction":[{"@type":"ReadAction","target":["https:\/\/easeurope.sk\/de\/kontaktformular\/"]}]},{"@type":"BreadcrumbList","@id":"https:\/\/easeurope.sk\/de\/kontaktformular\/#breadcrumb","itemListElement":[{"@type":"ListItem","position":1,"name":"Domovsk\u00e1 str\u00e1nka","item":"https:\/\/easeurope.sk\/de\/"},{"@type":"ListItem","position":2,"name":"Kontaktformular"}]},{"@type":"WebSite","@id":"https:\/\/easeurope.sk\/de\/#website","url":"https:\/\/easeurope.sk\/de\/","name":"EAS Europe, s.r.o.","description":"","publisher":{"@id":"https:\/\/easeurope.sk\/de\/#organization"},"potentialAction":[{"@type":"SearchAction","target":{"@type":"EntryPoint","urlTemplate":"https:\/\/easeurope.sk\/de\/?s={search_term_string}"},"query-input":{"@type":"PropertyValueSpecification","valueRequired":true,"valueName":"search_term_string"}}],"inLanguage":"de"},{"@type":"Organization","@id":"https:\/\/easeurope.sk\/de\/#organization","name":"EAS Europe, s.r.o.","url":"https:\/\/easeurope.sk\/de\/","logo":{"@type":"ImageObject","inLanguage":"de","@id":"https:\/\/easeurope.sk\/de\/#\/schema\/logo\/image\/","url":"https:\/\/easeurope.sk\/wp-content\/uploads\/2026\/04\/logopriehladne.png","contentUrl":"https:\/\/easeurope.sk\/wp-content\/uploads\/2026\/04\/logopriehladne.png","width":800,"height":522,"caption":"EAS Europe, s.r.o."},"image":{"@id":"https:\/\/easeurope.sk\/de\/#\/schema\/logo\/image\/"}}]}},"_links":{"self":[{"href":"https:\/\/easeurope.sk\/de\/wp-json\/wp\/v2\/pages\/799","targetHints":{"allow":["GET"]}}],"collection":[{"href":"https:\/\/easeurope.sk\/de\/wp-json\/wp\/v2\/pages"}],"about":[{"href":"https:\/\/easeurope.sk\/de\/wp-json\/wp\/v2\/types\/page"}],"author":[{"embeddable":true,"href":"https:\/\/easeurope.sk\/de\/wp-json\/wp\/v2\/users\/1"}],"replies":[{"embeddable":true,"href":"https:\/\/easeurope.sk\/de\/wp-json\/wp\/v2\/comments?post=799"}],"version-history":[{"count":1,"href":"https:\/\/easeurope.sk\/de\/wp-json\/wp\/v2\/pages\/799\/revisions"}],"predecessor-version":[{"id":800,"href":"https:\/\/easeurope.sk\/de\/wp-json\/wp\/v2\/pages\/799\/revisions\/800"}],"wp:attachment":[{"href":"https:\/\/easeurope.sk\/de\/wp-json\/wp\/v2\/media?parent=799"}],"curies":[{"name":"wp","href":"https:\/\/api.w.org\/{rel}","templated":true}]}}