{"id":760,"date":"2026-03-19T11:57:54","date_gmt":"2026-03-19T10:57:54","guid":{"rendered":"https:\/\/easeurope.sk\/politica-de-privacidad\/"},"modified":"2026-04-28T14:14:06","modified_gmt":"2026-04-28T12:14:06","slug":"politica-de-privacidad","status":"publish","type":"page","link":"https:\/\/easeurope.sk\/es\/politica-de-privacidad\/","title":{"rendered":"Pol\u00edtica de privacidad"},"content":{"rendered":"\t\t<div data-elementor-type=\"wp-page\" data-elementor-id=\"760\" class=\"elementor elementor-760 elementor-3\" data-elementor-post-type=\"page\">\n\t\t\t\t<div class=\"elementor-element elementor-element-6f18402c e-flex e-con-boxed e-con e-parent\" data-id=\"6f18402c\" data-element_type=\"container\" data-e-type=\"container\" data-settings=\"{&quot;background_background&quot;:&quot;classic&quot;}\">\n\t\t\t\t\t<div class=\"e-con-inner\">\n\t\t<div class=\"elementor-element elementor-element-56587d5b e-con-full e-flex e-con e-child\" data-id=\"56587d5b\" data-element_type=\"container\" data-e-type=\"container\">\n\t\t\t\t<div class=\"elementor-element elementor-element-7a74e4fa elementor-widget__width-inherit elementor-invisible elementor-widget elementor-widget-heading\" data-id=\"7a74e4fa\" data-element_type=\"widget\" data-e-type=\"widget\" data-settings=\"{&quot;_animation&quot;:&quot;fadeInLeft&quot;}\" data-widget_type=\"heading.default\">\n\t\t\t\t\t<h1 class=\"elementor-heading-title elementor-size-default\">Pol\u00edtica de privacidad<\/h1>\t\t\t\t<\/div>\n\t\t\t\t<\/div>\n\t\t\t\t\t<\/div>\n\t\t\t\t<\/div>\n\t\t<div class=\"elementor-element elementor-element-10d5fa45 e-flex e-con-boxed e-con e-parent\" data-id=\"10d5fa45\" data-element_type=\"container\" data-e-type=\"container\">\n\t\t\t\t\t<div class=\"e-con-inner\">\n\t\t\t\t<div class=\"elementor-element elementor-element-190f29b5 elementor-widget elementor-widget-text-editor\" data-id=\"190f29b5\" data-element_type=\"widget\" data-e-type=\"widget\" data-widget_type=\"text-editor.default\">\n\t\t\t\t\t\t\t\t\t<p align=\"center\">\n  <span style=\"font-family: Verdana;\">\n    <b>Suministro de datos personales<\/b><br>El uso del sitio web easeurope.sk no requiere la presentaci\u00f3n de ning\u00fan dato personal.<br><br>\n    <b>Uso de datos personales<\/b><br>Las direcciones de correo electr\u00f3nico proporcionadas se utilizan exclusivamente para la comunicaci\u00f3n entre el sitio web easeurope.sk y sus visitantes. Las direcciones de correo electr\u00f3nico proporcionadas no ser\u00e1n compartidas con terceros. <br><br>\n    <b>Ampliaci\u00f3n de los datos personales<\/b><br>En el caso de concursos, sorteos, cuestionarios y actividades similares, el operador del sitio web easeurope.sk puede requerir que los participantes proporcionen datos personales adicionales de acuerdo con las regulaciones legales aplicables. Estos datos son necesarios para verificar la identidad de los participantes o para notificar a los posibles ganadores, dependiendo de la naturaleza de la actividad. La informaci\u00f3n obtenida de los usuarios que participan en actividades patrocinadas por terceros, incluidos los datos personales, puede ser compartida con dichos terceros. EAS Europe s.r.o. se reserva el derecho de publicar los nombres y posiblemente otra informaci\u00f3n sobre los ganadores de tales actividades.   <br> Cualquier informaci\u00f3n que los usuarios del sitio web easeurope.sk proporcionen a terceros al comprar bienes, servicios o participar en otras actividades facilitadas por el sitio web est\u00e1 protegida de acuerdo con las pol\u00edticas de dichos socios y no est\u00e1 sujeta a las reglas establecidas en esta p\u00e1gina.<br>\n    <span style=\"color: #354e5d;\"><br><\/span><b>Derechos del usuario<\/b><br>De acuerdo con la Ley de Protecci\u00f3n de Datos Personales, todo usuario que haya proporcionado datos personales tiene derecho a solicitar, por escrito (o por correo electr\u00f3nico), informaci\u00f3n al controlador de datos sobre qu\u00e9 datos personales se est\u00e1n procesando.\n  <\/span>\n<\/p>\t\t\t\t\t\t\t\t<\/div>\n\t\t\t\t\t<\/div>\n\t\t\t\t<\/div>\n\t\t\t\t<\/div>\n\t\t","protected":false},"excerpt":{"rendered":"<p>Pol\u00edtica de privacidad Suministro de datos personalesEl uso del sitio web easeurope.sk no requiere la presentaci\u00f3n de ning\u00fan dato personal. Uso de datos personalesLas direcciones de correo electr\u00f3nico proporcionadas se utilizan exclusivamente para la comunicaci\u00f3n entre el sitio web easeurope.sk y sus visitantes. Las direcciones de correo electr\u00f3nico proporcionadas no ser\u00e1n compartidas con terceros. Ampliaci\u00f3n [&hellip;]<\/p>\n","protected":false},"author":1,"featured_media":0,"parent":0,"menu_order":0,"comment_status":"closed","ping_status":"closed","template":"","meta":{"footnotes":""},"class_list":["post-760","page","type-page","status-publish","hentry"],"yoast_head":"<!-- This site is optimized with the Yoast SEO plugin v27.4 - https:\/\/yoast.com\/product\/yoast-seo-wordpress\/ -->\n<title>Pol\u00edtica de privacidad - EAS Europe, s.r.o.<\/title>\n<meta name=\"robots\" content=\"index, follow, max-snippet:-1, max-image-preview:large, max-video-preview:-1\" \/>\n<link rel=\"canonical\" href=\"https:\/\/easeurope.sk\/es\/politica-de-privacidad\/\" \/>\n<meta property=\"og:locale\" content=\"es_ES\" \/>\n<meta property=\"og:type\" content=\"article\" \/>\n<meta property=\"og:title\" content=\"Pol\u00edtica de privacidad - EAS Europe, s.r.o.\" \/>\n<meta property=\"og:description\" content=\"Pol\u00edtica de privacidad Suministro de datos personalesEl uso del sitio web easeurope.sk no requiere la presentaci\u00f3n de ning\u00fan dato personal. Uso de datos personalesLas direcciones de correo electr\u00f3nico proporcionadas se utilizan exclusivamente para la comunicaci\u00f3n entre el sitio web easeurope.sk y sus visitantes. Las direcciones de correo electr\u00f3nico proporcionadas no ser\u00e1n compartidas con terceros. Ampliaci\u00f3n [&hellip;]\" \/>\n<meta property=\"og:url\" content=\"https:\/\/easeurope.sk\/es\/politica-de-privacidad\/\" \/>\n<meta property=\"og:site_name\" content=\"EAS Europe, s.r.o.\" \/>\n<meta property=\"article:modified_time\" content=\"2026-04-28T12:14:06+00:00\" \/>\n<meta name=\"twitter:card\" content=\"summary_large_image\" \/>\n<meta name=\"twitter:label1\" content=\"Tiempo de lectura\" \/>\n\t<meta name=\"twitter:data1\" content=\"1 minuto\" \/>\n<script type=\"application\/ld+json\" class=\"yoast-schema-graph\">{\"@context\":\"https:\\\/\\\/schema.org\",\"@graph\":[{\"@type\":\"WebPage\",\"@id\":\"https:\\\/\\\/easeurope.sk\\\/es\\\/politica-de-privacidad\\\/\",\"url\":\"https:\\\/\\\/easeurope.sk\\\/es\\\/politica-de-privacidad\\\/\",\"name\":\"Pol\u00edtica de privacidad - EAS Europe, s.r.o.\",\"isPartOf\":{\"@id\":\"https:\\\/\\\/easeurope.sk\\\/es\\\/#website\"},\"datePublished\":\"2026-03-19T10:57:54+00:00\",\"dateModified\":\"2026-04-28T12:14:06+00:00\",\"breadcrumb\":{\"@id\":\"https:\\\/\\\/easeurope.sk\\\/es\\\/politica-de-privacidad\\\/#breadcrumb\"},\"inLanguage\":\"es\",\"potentialAction\":[{\"@type\":\"ReadAction\",\"target\":[\"https:\\\/\\\/easeurope.sk\\\/es\\\/politica-de-privacidad\\\/\"]}]},{\"@type\":\"BreadcrumbList\",\"@id\":\"https:\\\/\\\/easeurope.sk\\\/es\\\/politica-de-privacidad\\\/#breadcrumb\",\"itemListElement\":[{\"@type\":\"ListItem\",\"position\":1,\"name\":\"Domovsk\u00e1 str\u00e1nka\",\"item\":\"https:\\\/\\\/easeurope.sk\\\/es\\\/\"},{\"@type\":\"ListItem\",\"position\":2,\"name\":\"Pol\u00edtica de privacidad\"}]},{\"@type\":\"WebSite\",\"@id\":\"https:\\\/\\\/easeurope.sk\\\/es\\\/#website\",\"url\":\"https:\\\/\\\/easeurope.sk\\\/es\\\/\",\"name\":\"EAS Europe, s.r.o.\",\"description\":\"\",\"publisher\":{\"@id\":\"https:\\\/\\\/easeurope.sk\\\/es\\\/#organization\"},\"potentialAction\":[{\"@type\":\"SearchAction\",\"target\":{\"@type\":\"EntryPoint\",\"urlTemplate\":\"https:\\\/\\\/easeurope.sk\\\/es\\\/?s={search_term_string}\"},\"query-input\":{\"@type\":\"PropertyValueSpecification\",\"valueRequired\":true,\"valueName\":\"search_term_string\"}}],\"inLanguage\":\"es\"},{\"@type\":\"Organization\",\"@id\":\"https:\\\/\\\/easeurope.sk\\\/es\\\/#organization\",\"name\":\"EAS Europe, s.r.o.\",\"url\":\"https:\\\/\\\/easeurope.sk\\\/es\\\/\",\"logo\":{\"@type\":\"ImageObject\",\"inLanguage\":\"es\",\"@id\":\"https:\\\/\\\/easeurope.sk\\\/es\\\/#\\\/schema\\\/logo\\\/image\\\/\",\"url\":\"https:\\\/\\\/easeurope.sk\\\/wp-content\\\/uploads\\\/2026\\\/04\\\/logopriehladne.png\",\"contentUrl\":\"https:\\\/\\\/easeurope.sk\\\/wp-content\\\/uploads\\\/2026\\\/04\\\/logopriehladne.png\",\"width\":800,\"height\":522,\"caption\":\"EAS Europe, s.r.o.\"},\"image\":{\"@id\":\"https:\\\/\\\/easeurope.sk\\\/es\\\/#\\\/schema\\\/logo\\\/image\\\/\"}}]}<\/script>\n<!-- \/ Yoast SEO plugin. -->","yoast_head_json":{"title":"Pol\u00edtica de privacidad - EAS Europe, s.r.o.","robots":{"index":"index","follow":"follow","max-snippet":"max-snippet:-1","max-image-preview":"max-image-preview:large","max-video-preview":"max-video-preview:-1"},"canonical":"https:\/\/easeurope.sk\/es\/politica-de-privacidad\/","og_locale":"es_ES","og_type":"article","og_title":"Pol\u00edtica de privacidad - EAS Europe, s.r.o.","og_description":"Pol\u00edtica de privacidad Suministro de datos personalesEl uso del sitio web easeurope.sk no requiere la presentaci\u00f3n de ning\u00fan dato personal. Uso de datos personalesLas direcciones de correo electr\u00f3nico proporcionadas se utilizan exclusivamente para la comunicaci\u00f3n entre el sitio web easeurope.sk y sus visitantes. Las direcciones de correo electr\u00f3nico proporcionadas no ser\u00e1n compartidas con terceros. Ampliaci\u00f3n [&hellip;]","og_url":"https:\/\/easeurope.sk\/es\/politica-de-privacidad\/","og_site_name":"EAS Europe, s.r.o.","article_modified_time":"2026-04-28T12:14:06+00:00","twitter_card":"summary_large_image","twitter_misc":{"Tiempo de lectura":"1 minuto"},"schema":{"@context":"https:\/\/schema.org","@graph":[{"@type":"WebPage","@id":"https:\/\/easeurope.sk\/es\/politica-de-privacidad\/","url":"https:\/\/easeurope.sk\/es\/politica-de-privacidad\/","name":"Pol\u00edtica de privacidad - EAS Europe, s.r.o.","isPartOf":{"@id":"https:\/\/easeurope.sk\/es\/#website"},"datePublished":"2026-03-19T10:57:54+00:00","dateModified":"2026-04-28T12:14:06+00:00","breadcrumb":{"@id":"https:\/\/easeurope.sk\/es\/politica-de-privacidad\/#breadcrumb"},"inLanguage":"es","potentialAction":[{"@type":"ReadAction","target":["https:\/\/easeurope.sk\/es\/politica-de-privacidad\/"]}]},{"@type":"BreadcrumbList","@id":"https:\/\/easeurope.sk\/es\/politica-de-privacidad\/#breadcrumb","itemListElement":[{"@type":"ListItem","position":1,"name":"Domovsk\u00e1 str\u00e1nka","item":"https:\/\/easeurope.sk\/es\/"},{"@type":"ListItem","position":2,"name":"Pol\u00edtica de privacidad"}]},{"@type":"WebSite","@id":"https:\/\/easeurope.sk\/es\/#website","url":"https:\/\/easeurope.sk\/es\/","name":"EAS Europe, s.r.o.","description":"","publisher":{"@id":"https:\/\/easeurope.sk\/es\/#organization"},"potentialAction":[{"@type":"SearchAction","target":{"@type":"EntryPoint","urlTemplate":"https:\/\/easeurope.sk\/es\/?s={search_term_string}"},"query-input":{"@type":"PropertyValueSpecification","valueRequired":true,"valueName":"search_term_string"}}],"inLanguage":"es"},{"@type":"Organization","@id":"https:\/\/easeurope.sk\/es\/#organization","name":"EAS Europe, s.r.o.","url":"https:\/\/easeurope.sk\/es\/","logo":{"@type":"ImageObject","inLanguage":"es","@id":"https:\/\/easeurope.sk\/es\/#\/schema\/logo\/image\/","url":"https:\/\/easeurope.sk\/wp-content\/uploads\/2026\/04\/logopriehladne.png","contentUrl":"https:\/\/easeurope.sk\/wp-content\/uploads\/2026\/04\/logopriehladne.png","width":800,"height":522,"caption":"EAS Europe, s.r.o."},"image":{"@id":"https:\/\/easeurope.sk\/es\/#\/schema\/logo\/image\/"}}]}},"_links":{"self":[{"href":"https:\/\/easeurope.sk\/es\/wp-json\/wp\/v2\/pages\/760","targetHints":{"allow":["GET"]}}],"collection":[{"href":"https:\/\/easeurope.sk\/es\/wp-json\/wp\/v2\/pages"}],"about":[{"href":"https:\/\/easeurope.sk\/es\/wp-json\/wp\/v2\/types\/page"}],"author":[{"embeddable":true,"href":"https:\/\/easeurope.sk\/es\/wp-json\/wp\/v2\/users\/1"}],"replies":[{"embeddable":true,"href":"https:\/\/easeurope.sk\/es\/wp-json\/wp\/v2\/comments?post=760"}],"version-history":[{"count":1,"href":"https:\/\/easeurope.sk\/es\/wp-json\/wp\/v2\/pages\/760\/revisions"}],"predecessor-version":[{"id":761,"href":"https:\/\/easeurope.sk\/es\/wp-json\/wp\/v2\/pages\/760\/revisions\/761"}],"wp:attachment":[{"href":"https:\/\/easeurope.sk\/es\/wp-json\/wp\/v2\/media?parent=760"}],"curies":[{"name":"wp","href":"https:\/\/api.w.org\/{rel}","templated":true}]}}