{"id":757,"date":"2026-03-19T11:57:54","date_gmt":"2026-03-19T10:57:54","guid":{"rendered":"https:\/\/easeurope.sk\/politique-de-confidentialite\/"},"modified":"2026-04-28T14:03:01","modified_gmt":"2026-04-28T12:03:01","slug":"politique-de-confidentialite","status":"publish","type":"page","link":"https:\/\/easeurope.sk\/fr\/politique-de-confidentialite\/","title":{"rendered":"Politique de confidentialit\u00e9"},"content":{"rendered":"\t\t<div data-elementor-type=\"wp-page\" data-elementor-id=\"757\" class=\"elementor elementor-757 elementor-3\" data-elementor-post-type=\"page\">\n\t\t\t\t<div class=\"elementor-element elementor-element-6f18402c e-flex e-con-boxed e-con e-parent\" data-id=\"6f18402c\" data-element_type=\"container\" data-e-type=\"container\" data-settings=\"{&quot;background_background&quot;:&quot;classic&quot;}\">\n\t\t\t\t\t<div class=\"e-con-inner\">\n\t\t<div class=\"elementor-element elementor-element-56587d5b e-con-full e-flex e-con e-child\" data-id=\"56587d5b\" data-element_type=\"container\" data-e-type=\"container\">\n\t\t\t\t<div class=\"elementor-element elementor-element-7a74e4fa elementor-widget__width-inherit elementor-invisible elementor-widget elementor-widget-heading\" data-id=\"7a74e4fa\" data-element_type=\"widget\" data-e-type=\"widget\" data-settings=\"{&quot;_animation&quot;:&quot;fadeInLeft&quot;}\" data-widget_type=\"heading.default\">\n\t\t\t\t\t<h1 class=\"elementor-heading-title elementor-size-default\">Politique de confidentialit\u00e9<\/h1>\t\t\t\t<\/div>\n\t\t\t\t<\/div>\n\t\t\t\t\t<\/div>\n\t\t\t\t<\/div>\n\t\t<div class=\"elementor-element elementor-element-10d5fa45 e-flex e-con-boxed e-con e-parent\" data-id=\"10d5fa45\" data-element_type=\"container\" data-e-type=\"container\">\n\t\t\t\t\t<div class=\"e-con-inner\">\n\t\t\t\t<div class=\"elementor-element elementor-element-190f29b5 elementor-widget elementor-widget-text-editor\" data-id=\"190f29b5\" data-element_type=\"widget\" data-e-type=\"widget\" data-widget_type=\"text-editor.default\">\n\t\t\t\t\t\t\t\t\t<p align=\"center\">\n  <span style=\"font-family: Verdana;\">\n    <b>Fourniture de donn\u00e9es personnelles<\/b><br>L\u2019utilisation du site easeurope.sk ne n\u00e9cessite pas la soumission de donn\u00e9es personnelles.<br><br>\n    <b>Utilisation des donn\u00e9es personnelles<\/b><br>Les adresses e-mail fournies sont utilis\u00e9es uniquement pour la communication entre le site easeurope.sk et ses visiteurs. Les adresses e-mail fournies ne seront pas partag\u00e9es avec des tiers. <br><br>\n    <b>Extension des donn\u00e9es personnelles<\/b><br>Dans le cas de concours, tirages au sort, quiz et activit\u00e9s similaires, l\u2019op\u00e9rateur du site Web easeurope.sk peut demander aux participants de fournir des donn\u00e9es personnelles suppl\u00e9mentaires conform\u00e9ment aux r\u00e9glementations l\u00e9gales applicables. Ces donn\u00e9es sont n\u00e9cessaires pour v\u00e9rifier l\u2019identit\u00e9 des participants ou pour informer les gagnants potentiels, selon la nature de l\u2019activit\u00e9. Les informations obtenues des utilisateurs participant \u00e0 des activit\u00e9s parrain\u00e9es par des tiers, y compris les donn\u00e9es personnelles, peuvent \u00eatre partag\u00e9es avec ces tiers. EAS Europe s.r.o. se r\u00e9serve le droit de publier les noms et \u00e9ventuellement d\u2019autres informations sur les gagnants de ces activit\u00e9s.   <br> Toute information que les utilisateurs du site easeurope.sk fournissent \u00e0 des tiers lors de l\u2019achat de biens, services ou d\u2019autres activit\u00e9s facilit\u00e9es par le site est prot\u00e9g\u00e9e selon les politiques de ces partenaires et n\u2019est pas soumise aux r\u00e8gles \u00e9nonc\u00e9es sur cette page.<br>\n    <span style=\"color: #354e5d;\"><br><\/span><b>Droits des utilisateurs<\/b><br>Conform\u00e9ment \u00e0 la loi sur la protection des donn\u00e9es personnelles, chaque utilisateur qui a fourni des donn\u00e9es personnelles a le droit de demander, par \u00e9crit (ou par e-mail), des informations au responsable du traitement concernant les donn\u00e9es personnelles en cours de traitement.\n  <\/span>\n<\/p>\t\t\t\t\t\t\t\t<\/div>\n\t\t\t\t\t<\/div>\n\t\t\t\t<\/div>\n\t\t\t\t<\/div>\n\t\t","protected":false},"excerpt":{"rendered":"<p>Politique de confidentialit\u00e9 Fourniture de donn\u00e9es personnellesL\u2019utilisation du site easeurope.sk ne n\u00e9cessite pas la soumission de donn\u00e9es personnelles. Utilisation des donn\u00e9es personnellesLes adresses e-mail fournies sont utilis\u00e9es uniquement pour la communication entre le site easeurope.sk et ses visiteurs. Les adresses e-mail fournies ne seront pas partag\u00e9es avec des tiers. Extension des donn\u00e9es personnellesDans le cas [&hellip;]<\/p>\n","protected":false},"author":1,"featured_media":0,"parent":0,"menu_order":0,"comment_status":"closed","ping_status":"closed","template":"","meta":{"footnotes":""},"class_list":["post-757","page","type-page","status-publish","hentry"],"yoast_head":"<!-- This site is optimized with the Yoast SEO plugin v27.4 - https:\/\/yoast.com\/product\/yoast-seo-wordpress\/ -->\n<title>Politique de confidentialit\u00e9 - EAS Europe, s.r.o.<\/title>\n<meta name=\"robots\" content=\"index, follow, max-snippet:-1, max-image-preview:large, max-video-preview:-1\" \/>\n<link rel=\"canonical\" href=\"https:\/\/easeurope.sk\/fr\/politique-de-confidentialite\/\" \/>\n<meta property=\"og:locale\" content=\"fr_FR\" \/>\n<meta property=\"og:type\" content=\"article\" \/>\n<meta property=\"og:title\" content=\"Politique de confidentialit\u00e9 - EAS Europe, s.r.o.\" \/>\n<meta property=\"og:description\" content=\"Politique de confidentialit\u00e9 Fourniture de donn\u00e9es personnellesL\u2019utilisation du site easeurope.sk ne n\u00e9cessite pas la soumission de donn\u00e9es personnelles. Utilisation des donn\u00e9es personnellesLes adresses e-mail fournies sont utilis\u00e9es uniquement pour la communication entre le site easeurope.sk et ses visiteurs. Les adresses e-mail fournies ne seront pas partag\u00e9es avec des tiers. Extension des donn\u00e9es personnellesDans le cas [&hellip;]\" \/>\n<meta property=\"og:url\" content=\"https:\/\/easeurope.sk\/fr\/politique-de-confidentialite\/\" \/>\n<meta property=\"og:site_name\" content=\"EAS Europe, s.r.o.\" \/>\n<meta property=\"article:modified_time\" content=\"2026-04-28T12:03:01+00:00\" \/>\n<meta name=\"twitter:card\" content=\"summary_large_image\" \/>\n<meta name=\"twitter:label1\" content=\"Dur\u00e9e de lecture estim\u00e9e\" \/>\n\t<meta name=\"twitter:data1\" content=\"1 minute\" \/>\n<script type=\"application\/ld+json\" class=\"yoast-schema-graph\">{\"@context\":\"https:\\\/\\\/schema.org\",\"@graph\":[{\"@type\":\"WebPage\",\"@id\":\"https:\\\/\\\/easeurope.sk\\\/fr\\\/politique-de-confidentialite\\\/\",\"url\":\"https:\\\/\\\/easeurope.sk\\\/fr\\\/politique-de-confidentialite\\\/\",\"name\":\"Politique de confidentialit\u00e9 - EAS Europe, s.r.o.\",\"isPartOf\":{\"@id\":\"https:\\\/\\\/easeurope.sk\\\/fr\\\/#website\"},\"datePublished\":\"2026-03-19T10:57:54+00:00\",\"dateModified\":\"2026-04-28T12:03:01+00:00\",\"breadcrumb\":{\"@id\":\"https:\\\/\\\/easeurope.sk\\\/fr\\\/politique-de-confidentialite\\\/#breadcrumb\"},\"inLanguage\":\"fr-FR\",\"potentialAction\":[{\"@type\":\"ReadAction\",\"target\":[\"https:\\\/\\\/easeurope.sk\\\/fr\\\/politique-de-confidentialite\\\/\"]}]},{\"@type\":\"BreadcrumbList\",\"@id\":\"https:\\\/\\\/easeurope.sk\\\/fr\\\/politique-de-confidentialite\\\/#breadcrumb\",\"itemListElement\":[{\"@type\":\"ListItem\",\"position\":1,\"name\":\"Domovsk\u00e1 str\u00e1nka\",\"item\":\"https:\\\/\\\/easeurope.sk\\\/fr\\\/\"},{\"@type\":\"ListItem\",\"position\":2,\"name\":\"Politique de confidentialit\u00e9\"}]},{\"@type\":\"WebSite\",\"@id\":\"https:\\\/\\\/easeurope.sk\\\/fr\\\/#website\",\"url\":\"https:\\\/\\\/easeurope.sk\\\/fr\\\/\",\"name\":\"EAS Europe, s.r.o.\",\"description\":\"\",\"publisher\":{\"@id\":\"https:\\\/\\\/easeurope.sk\\\/fr\\\/#organization\"},\"potentialAction\":[{\"@type\":\"SearchAction\",\"target\":{\"@type\":\"EntryPoint\",\"urlTemplate\":\"https:\\\/\\\/easeurope.sk\\\/fr\\\/?s={search_term_string}\"},\"query-input\":{\"@type\":\"PropertyValueSpecification\",\"valueRequired\":true,\"valueName\":\"search_term_string\"}}],\"inLanguage\":\"fr-FR\"},{\"@type\":\"Organization\",\"@id\":\"https:\\\/\\\/easeurope.sk\\\/fr\\\/#organization\",\"name\":\"EAS Europe, s.r.o.\",\"url\":\"https:\\\/\\\/easeurope.sk\\\/fr\\\/\",\"logo\":{\"@type\":\"ImageObject\",\"inLanguage\":\"fr-FR\",\"@id\":\"https:\\\/\\\/easeurope.sk\\\/fr\\\/#\\\/schema\\\/logo\\\/image\\\/\",\"url\":\"https:\\\/\\\/easeurope.sk\\\/wp-content\\\/uploads\\\/2026\\\/04\\\/logopriehladne.png\",\"contentUrl\":\"https:\\\/\\\/easeurope.sk\\\/wp-content\\\/uploads\\\/2026\\\/04\\\/logopriehladne.png\",\"width\":800,\"height\":522,\"caption\":\"EAS Europe, s.r.o.\"},\"image\":{\"@id\":\"https:\\\/\\\/easeurope.sk\\\/fr\\\/#\\\/schema\\\/logo\\\/image\\\/\"}}]}<\/script>\n<!-- \/ Yoast SEO plugin. -->","yoast_head_json":{"title":"Politique de confidentialit\u00e9 - EAS Europe, s.r.o.","robots":{"index":"index","follow":"follow","max-snippet":"max-snippet:-1","max-image-preview":"max-image-preview:large","max-video-preview":"max-video-preview:-1"},"canonical":"https:\/\/easeurope.sk\/fr\/politique-de-confidentialite\/","og_locale":"fr_FR","og_type":"article","og_title":"Politique de confidentialit\u00e9 - EAS Europe, s.r.o.","og_description":"Politique de confidentialit\u00e9 Fourniture de donn\u00e9es personnellesL\u2019utilisation du site easeurope.sk ne n\u00e9cessite pas la soumission de donn\u00e9es personnelles. Utilisation des donn\u00e9es personnellesLes adresses e-mail fournies sont utilis\u00e9es uniquement pour la communication entre le site easeurope.sk et ses visiteurs. Les adresses e-mail fournies ne seront pas partag\u00e9es avec des tiers. Extension des donn\u00e9es personnellesDans le cas [&hellip;]","og_url":"https:\/\/easeurope.sk\/fr\/politique-de-confidentialite\/","og_site_name":"EAS Europe, s.r.o.","article_modified_time":"2026-04-28T12:03:01+00:00","twitter_card":"summary_large_image","twitter_misc":{"Dur\u00e9e de lecture estim\u00e9e":"1 minute"},"schema":{"@context":"https:\/\/schema.org","@graph":[{"@type":"WebPage","@id":"https:\/\/easeurope.sk\/fr\/politique-de-confidentialite\/","url":"https:\/\/easeurope.sk\/fr\/politique-de-confidentialite\/","name":"Politique de confidentialit\u00e9 - EAS Europe, s.r.o.","isPartOf":{"@id":"https:\/\/easeurope.sk\/fr\/#website"},"datePublished":"2026-03-19T10:57:54+00:00","dateModified":"2026-04-28T12:03:01+00:00","breadcrumb":{"@id":"https:\/\/easeurope.sk\/fr\/politique-de-confidentialite\/#breadcrumb"},"inLanguage":"fr-FR","potentialAction":[{"@type":"ReadAction","target":["https:\/\/easeurope.sk\/fr\/politique-de-confidentialite\/"]}]},{"@type":"BreadcrumbList","@id":"https:\/\/easeurope.sk\/fr\/politique-de-confidentialite\/#breadcrumb","itemListElement":[{"@type":"ListItem","position":1,"name":"Domovsk\u00e1 str\u00e1nka","item":"https:\/\/easeurope.sk\/fr\/"},{"@type":"ListItem","position":2,"name":"Politique de confidentialit\u00e9"}]},{"@type":"WebSite","@id":"https:\/\/easeurope.sk\/fr\/#website","url":"https:\/\/easeurope.sk\/fr\/","name":"EAS Europe, s.r.o.","description":"","publisher":{"@id":"https:\/\/easeurope.sk\/fr\/#organization"},"potentialAction":[{"@type":"SearchAction","target":{"@type":"EntryPoint","urlTemplate":"https:\/\/easeurope.sk\/fr\/?s={search_term_string}"},"query-input":{"@type":"PropertyValueSpecification","valueRequired":true,"valueName":"search_term_string"}}],"inLanguage":"fr-FR"},{"@type":"Organization","@id":"https:\/\/easeurope.sk\/fr\/#organization","name":"EAS Europe, s.r.o.","url":"https:\/\/easeurope.sk\/fr\/","logo":{"@type":"ImageObject","inLanguage":"fr-FR","@id":"https:\/\/easeurope.sk\/fr\/#\/schema\/logo\/image\/","url":"https:\/\/easeurope.sk\/wp-content\/uploads\/2026\/04\/logopriehladne.png","contentUrl":"https:\/\/easeurope.sk\/wp-content\/uploads\/2026\/04\/logopriehladne.png","width":800,"height":522,"caption":"EAS Europe, s.r.o."},"image":{"@id":"https:\/\/easeurope.sk\/fr\/#\/schema\/logo\/image\/"}}]}},"_links":{"self":[{"href":"https:\/\/easeurope.sk\/fr\/wp-json\/wp\/v2\/pages\/757","targetHints":{"allow":["GET"]}}],"collection":[{"href":"https:\/\/easeurope.sk\/fr\/wp-json\/wp\/v2\/pages"}],"about":[{"href":"https:\/\/easeurope.sk\/fr\/wp-json\/wp\/v2\/types\/page"}],"author":[{"embeddable":true,"href":"https:\/\/easeurope.sk\/fr\/wp-json\/wp\/v2\/users\/1"}],"replies":[{"embeddable":true,"href":"https:\/\/easeurope.sk\/fr\/wp-json\/wp\/v2\/comments?post=757"}],"version-history":[{"count":1,"href":"https:\/\/easeurope.sk\/fr\/wp-json\/wp\/v2\/pages\/757\/revisions"}],"predecessor-version":[{"id":758,"href":"https:\/\/easeurope.sk\/fr\/wp-json\/wp\/v2\/pages\/757\/revisions\/758"}],"wp:attachment":[{"href":"https:\/\/easeurope.sk\/fr\/wp-json\/wp\/v2\/media?parent=757"}],"curies":[{"name":"wp","href":"https:\/\/api.w.org\/{rel}","templated":true}]}}