{"id":766,"date":"2026-03-19T11:57:54","date_gmt":"2026-03-19T10:57:54","guid":{"rendered":"https:\/\/easeurope.sk\/integritetspolicy\/"},"modified":"2026-04-28T14:19:39","modified_gmt":"2026-04-28T12:19:39","slug":"integritetspolicy","status":"publish","type":"page","link":"https:\/\/easeurope.sk\/sv\/integritetspolicy\/","title":{"rendered":"Integritetspolicy"},"content":{"rendered":"\t\t<div data-elementor-type=\"wp-page\" data-elementor-id=\"766\" class=\"elementor elementor-766 elementor-3\" data-elementor-post-type=\"page\">\n\t\t\t\t<div class=\"elementor-element elementor-element-6f18402c e-flex e-con-boxed e-con e-parent\" data-id=\"6f18402c\" data-element_type=\"container\" data-e-type=\"container\" data-settings=\"{&quot;background_background&quot;:&quot;classic&quot;}\">\n\t\t\t\t\t<div class=\"e-con-inner\">\n\t\t<div class=\"elementor-element elementor-element-56587d5b e-con-full e-flex e-con e-child\" data-id=\"56587d5b\" data-element_type=\"container\" data-e-type=\"container\">\n\t\t\t\t<div class=\"elementor-element elementor-element-7a74e4fa elementor-widget__width-inherit elementor-invisible elementor-widget elementor-widget-heading\" data-id=\"7a74e4fa\" data-element_type=\"widget\" data-e-type=\"widget\" data-settings=\"{&quot;_animation&quot;:&quot;fadeInLeft&quot;}\" data-widget_type=\"heading.default\">\n\t\t\t\t\t<h1 class=\"elementor-heading-title elementor-size-default\">Integritetspolicy<\/h1>\t\t\t\t<\/div>\n\t\t\t\t<\/div>\n\t\t\t\t\t<\/div>\n\t\t\t\t<\/div>\n\t\t<div class=\"elementor-element elementor-element-10d5fa45 e-flex e-con-boxed e-con e-parent\" data-id=\"10d5fa45\" data-element_type=\"container\" data-e-type=\"container\">\n\t\t\t\t\t<div class=\"e-con-inner\">\n\t\t\t\t<div class=\"elementor-element elementor-element-190f29b5 elementor-widget elementor-widget-text-editor\" data-id=\"190f29b5\" data-element_type=\"widget\" data-e-type=\"widget\" data-widget_type=\"text-editor.default\">\n\t\t\t\t\t\t\t\t\t<p align=\"center\">\n  <span style=\"font-family: Verdana;\">\n    <b>Tillhandah\u00e5llande av personuppgifter<\/b><br>Anv\u00e4ndningen av webbplatsen easyurope.sk kr\u00e4ver inte att personuppgifter l\u00e4mnas in.<br><br>\n    <b>Anv\u00e4ndning av personuppgifter<\/b><br>De angivna e-postadresserna anv\u00e4nds enbart f\u00f6r kommunikation mellan webbplatsen easyurope.sk och dess bes\u00f6kare. De angivna e-postadresserna delas inte med tredje part.<br><br>\n    <b>Utvidgning av personuppgifter<\/b><br>N\u00e4r det g\u00e4ller t\u00e4vlingar, prisdrag, fr\u00e5gesporter och liknande aktiviteter kan operat\u00f6ren av webbplatsen easyurope.sk kr\u00e4va att deltagarna tillhandah\u00e5ller ytterligare personuppgifter i enlighet med g\u00e4llande lagbest\u00e4mmelser. Dessa uppgifter \u00e4r n\u00f6dv\u00e4ndiga f\u00f6r att verifiera deltagarnas identitet eller f\u00f6r att meddela potentiella vinnare, beroende p\u00e5 aktivitetens art. Information som erh\u00e5llits fr\u00e5n anv\u00e4ndare som deltar i aktiviteter sponsrade av tredje part, inklusive personuppgifter, kan delas med s\u00e5dana tredje parter. EAS Europe s.r.o. f\u00f6rbeh\u00e5ller sig r\u00e4tten att publicera namn och eventuellt annan information om vinnarna av s\u00e5dana aktiviteter.<br> All information som anv\u00e4ndare av webbplatsen easyurope.sk tillhandah\u00e5ller tredje parter n\u00e4r de k\u00f6per varor, tj\u00e4nster eller bedriver annan verksamhet som underl\u00e4ttas av webbplatsen skyddas enligt dessa partners policy och omfattas inte av reglerna som anges p\u00e5 detta sida.<br>\n    <span style=\"color: #354e5d;\"><br><\/span><b>Anv\u00e4ndarr\u00e4ttigheter<\/b><br>I enlighet med lagen om skydd av personuppgifter har varje anv\u00e4ndare som har l\u00e4mnat personuppgifter r\u00e4tt att skriftligen (eller via e-post) beg\u00e4ra information fr\u00e5n den registeransvarige om vilken personuppgifter som behandlas.\n  <\/span>\n<\/p>\t\t\t\t\t\t\t\t<\/div>\n\t\t\t\t\t<\/div>\n\t\t\t\t<\/div>\n\t\t\t\t<\/div>\n\t\t","protected":false},"excerpt":{"rendered":"<p>Integritetspolicy Tillhandah\u00e5llande av personuppgifterAnv\u00e4ndningen av webbplatsen easyurope.sk kr\u00e4ver inte att personuppgifter l\u00e4mnas in. Anv\u00e4ndning av personuppgifterDe angivna e-postadresserna anv\u00e4nds enbart f\u00f6r kommunikation mellan webbplatsen easyurope.sk och dess bes\u00f6kare. De angivna e-postadresserna delas inte med tredje part. Utvidgning av personuppgifterN\u00e4r det g\u00e4ller t\u00e4vlingar, prisdrag, fr\u00e5gesporter och liknande aktiviteter kan operat\u00f6ren av webbplatsen easyurope.sk kr\u00e4va att deltagarna [&hellip;]<\/p>\n","protected":false},"author":1,"featured_media":0,"parent":0,"menu_order":0,"comment_status":"closed","ping_status":"closed","template":"","meta":{"footnotes":""},"class_list":["post-766","page","type-page","status-publish","hentry"],"yoast_head":"<!-- This site is optimized with the Yoast SEO plugin v27.4 - https:\/\/yoast.com\/product\/yoast-seo-wordpress\/ -->\n<title>Integritetspolicy - EAS Europe, s.r.o.<\/title>\n<meta name=\"robots\" content=\"index, follow, max-snippet:-1, max-image-preview:large, max-video-preview:-1\" \/>\n<link rel=\"canonical\" href=\"https:\/\/easeurope.sk\/sv\/integritetspolicy\/\" \/>\n<meta property=\"og:locale\" content=\"sv_SE\" \/>\n<meta property=\"og:type\" content=\"article\" \/>\n<meta property=\"og:title\" content=\"Integritetspolicy - EAS Europe, s.r.o.\" \/>\n<meta property=\"og:description\" content=\"Integritetspolicy Tillhandah\u00e5llande av personuppgifterAnv\u00e4ndningen av webbplatsen easyurope.sk kr\u00e4ver inte att personuppgifter l\u00e4mnas in. Anv\u00e4ndning av personuppgifterDe angivna e-postadresserna anv\u00e4nds enbart f\u00f6r kommunikation mellan webbplatsen easyurope.sk och dess bes\u00f6kare. De angivna e-postadresserna delas inte med tredje part. Utvidgning av personuppgifterN\u00e4r det g\u00e4ller t\u00e4vlingar, prisdrag, fr\u00e5gesporter och liknande aktiviteter kan operat\u00f6ren av webbplatsen easyurope.sk kr\u00e4va att deltagarna [&hellip;]\" \/>\n<meta property=\"og:url\" content=\"https:\/\/easeurope.sk\/sv\/integritetspolicy\/\" \/>\n<meta property=\"og:site_name\" content=\"EAS Europe, s.r.o.\" \/>\n<meta property=\"article:modified_time\" content=\"2026-04-28T12:19:39+00:00\" \/>\n<meta name=\"twitter:card\" content=\"summary_large_image\" \/>\n<meta name=\"twitter:label1\" content=\"Ber\u00e4knad l\u00e4stid\" \/>\n\t<meta name=\"twitter:data1\" content=\"1 minut\" \/>\n<script type=\"application\/ld+json\" class=\"yoast-schema-graph\">{\"@context\":\"https:\\\/\\\/schema.org\",\"@graph\":[{\"@type\":\"WebPage\",\"@id\":\"https:\\\/\\\/easeurope.sk\\\/sv\\\/integritetspolicy\\\/\",\"url\":\"https:\\\/\\\/easeurope.sk\\\/sv\\\/integritetspolicy\\\/\",\"name\":\"Integritetspolicy - EAS Europe, s.r.o.\",\"isPartOf\":{\"@id\":\"https:\\\/\\\/easeurope.sk\\\/sv\\\/#website\"},\"datePublished\":\"2026-03-19T10:57:54+00:00\",\"dateModified\":\"2026-04-28T12:19:39+00:00\",\"breadcrumb\":{\"@id\":\"https:\\\/\\\/easeurope.sk\\\/sv\\\/integritetspolicy\\\/#breadcrumb\"},\"inLanguage\":\"sv-SE\",\"potentialAction\":[{\"@type\":\"ReadAction\",\"target\":[\"https:\\\/\\\/easeurope.sk\\\/sv\\\/integritetspolicy\\\/\"]}]},{\"@type\":\"BreadcrumbList\",\"@id\":\"https:\\\/\\\/easeurope.sk\\\/sv\\\/integritetspolicy\\\/#breadcrumb\",\"itemListElement\":[{\"@type\":\"ListItem\",\"position\":1,\"name\":\"Domovsk\u00e1 str\u00e1nka\",\"item\":\"https:\\\/\\\/easeurope.sk\\\/sv\\\/\"},{\"@type\":\"ListItem\",\"position\":2,\"name\":\"Integritetspolicy\"}]},{\"@type\":\"WebSite\",\"@id\":\"https:\\\/\\\/easeurope.sk\\\/sv\\\/#website\",\"url\":\"https:\\\/\\\/easeurope.sk\\\/sv\\\/\",\"name\":\"EAS Europe, s.r.o.\",\"description\":\"\",\"publisher\":{\"@id\":\"https:\\\/\\\/easeurope.sk\\\/sv\\\/#organization\"},\"potentialAction\":[{\"@type\":\"SearchAction\",\"target\":{\"@type\":\"EntryPoint\",\"urlTemplate\":\"https:\\\/\\\/easeurope.sk\\\/sv\\\/?s={search_term_string}\"},\"query-input\":{\"@type\":\"PropertyValueSpecification\",\"valueRequired\":true,\"valueName\":\"search_term_string\"}}],\"inLanguage\":\"sv-SE\"},{\"@type\":\"Organization\",\"@id\":\"https:\\\/\\\/easeurope.sk\\\/sv\\\/#organization\",\"name\":\"EAS Europe, s.r.o.\",\"url\":\"https:\\\/\\\/easeurope.sk\\\/sv\\\/\",\"logo\":{\"@type\":\"ImageObject\",\"inLanguage\":\"sv-SE\",\"@id\":\"https:\\\/\\\/easeurope.sk\\\/sv\\\/#\\\/schema\\\/logo\\\/image\\\/\",\"url\":\"https:\\\/\\\/easeurope.sk\\\/wp-content\\\/uploads\\\/2026\\\/04\\\/logopriehladne.png\",\"contentUrl\":\"https:\\\/\\\/easeurope.sk\\\/wp-content\\\/uploads\\\/2026\\\/04\\\/logopriehladne.png\",\"width\":800,\"height\":522,\"caption\":\"EAS Europe, s.r.o.\"},\"image\":{\"@id\":\"https:\\\/\\\/easeurope.sk\\\/sv\\\/#\\\/schema\\\/logo\\\/image\\\/\"}}]}<\/script>\n<!-- \/ Yoast SEO plugin. -->","yoast_head_json":{"title":"Integritetspolicy - EAS Europe, s.r.o.","robots":{"index":"index","follow":"follow","max-snippet":"max-snippet:-1","max-image-preview":"max-image-preview:large","max-video-preview":"max-video-preview:-1"},"canonical":"https:\/\/easeurope.sk\/sv\/integritetspolicy\/","og_locale":"sv_SE","og_type":"article","og_title":"Integritetspolicy - EAS Europe, s.r.o.","og_description":"Integritetspolicy Tillhandah\u00e5llande av personuppgifterAnv\u00e4ndningen av webbplatsen easyurope.sk kr\u00e4ver inte att personuppgifter l\u00e4mnas in. Anv\u00e4ndning av personuppgifterDe angivna e-postadresserna anv\u00e4nds enbart f\u00f6r kommunikation mellan webbplatsen easyurope.sk och dess bes\u00f6kare. De angivna e-postadresserna delas inte med tredje part. Utvidgning av personuppgifterN\u00e4r det g\u00e4ller t\u00e4vlingar, prisdrag, fr\u00e5gesporter och liknande aktiviteter kan operat\u00f6ren av webbplatsen easyurope.sk kr\u00e4va att deltagarna [&hellip;]","og_url":"https:\/\/easeurope.sk\/sv\/integritetspolicy\/","og_site_name":"EAS Europe, s.r.o.","article_modified_time":"2026-04-28T12:19:39+00:00","twitter_card":"summary_large_image","twitter_misc":{"Ber\u00e4knad l\u00e4stid":"1 minut"},"schema":{"@context":"https:\/\/schema.org","@graph":[{"@type":"WebPage","@id":"https:\/\/easeurope.sk\/sv\/integritetspolicy\/","url":"https:\/\/easeurope.sk\/sv\/integritetspolicy\/","name":"Integritetspolicy - EAS Europe, s.r.o.","isPartOf":{"@id":"https:\/\/easeurope.sk\/sv\/#website"},"datePublished":"2026-03-19T10:57:54+00:00","dateModified":"2026-04-28T12:19:39+00:00","breadcrumb":{"@id":"https:\/\/easeurope.sk\/sv\/integritetspolicy\/#breadcrumb"},"inLanguage":"sv-SE","potentialAction":[{"@type":"ReadAction","target":["https:\/\/easeurope.sk\/sv\/integritetspolicy\/"]}]},{"@type":"BreadcrumbList","@id":"https:\/\/easeurope.sk\/sv\/integritetspolicy\/#breadcrumb","itemListElement":[{"@type":"ListItem","position":1,"name":"Domovsk\u00e1 str\u00e1nka","item":"https:\/\/easeurope.sk\/sv\/"},{"@type":"ListItem","position":2,"name":"Integritetspolicy"}]},{"@type":"WebSite","@id":"https:\/\/easeurope.sk\/sv\/#website","url":"https:\/\/easeurope.sk\/sv\/","name":"EAS Europe, s.r.o.","description":"","publisher":{"@id":"https:\/\/easeurope.sk\/sv\/#organization"},"potentialAction":[{"@type":"SearchAction","target":{"@type":"EntryPoint","urlTemplate":"https:\/\/easeurope.sk\/sv\/?s={search_term_string}"},"query-input":{"@type":"PropertyValueSpecification","valueRequired":true,"valueName":"search_term_string"}}],"inLanguage":"sv-SE"},{"@type":"Organization","@id":"https:\/\/easeurope.sk\/sv\/#organization","name":"EAS Europe, s.r.o.","url":"https:\/\/easeurope.sk\/sv\/","logo":{"@type":"ImageObject","inLanguage":"sv-SE","@id":"https:\/\/easeurope.sk\/sv\/#\/schema\/logo\/image\/","url":"https:\/\/easeurope.sk\/wp-content\/uploads\/2026\/04\/logopriehladne.png","contentUrl":"https:\/\/easeurope.sk\/wp-content\/uploads\/2026\/04\/logopriehladne.png","width":800,"height":522,"caption":"EAS Europe, s.r.o."},"image":{"@id":"https:\/\/easeurope.sk\/sv\/#\/schema\/logo\/image\/"}}]}},"_links":{"self":[{"href":"https:\/\/easeurope.sk\/sv\/wp-json\/wp\/v2\/pages\/766","targetHints":{"allow":["GET"]}}],"collection":[{"href":"https:\/\/easeurope.sk\/sv\/wp-json\/wp\/v2\/pages"}],"about":[{"href":"https:\/\/easeurope.sk\/sv\/wp-json\/wp\/v2\/types\/page"}],"author":[{"embeddable":true,"href":"https:\/\/easeurope.sk\/sv\/wp-json\/wp\/v2\/users\/1"}],"replies":[{"embeddable":true,"href":"https:\/\/easeurope.sk\/sv\/wp-json\/wp\/v2\/comments?post=766"}],"version-history":[{"count":1,"href":"https:\/\/easeurope.sk\/sv\/wp-json\/wp\/v2\/pages\/766\/revisions"}],"predecessor-version":[{"id":767,"href":"https:\/\/easeurope.sk\/sv\/wp-json\/wp\/v2\/pages\/766\/revisions\/767"}],"wp:attachment":[{"href":"https:\/\/easeurope.sk\/sv\/wp-json\/wp\/v2\/media?parent=766"}],"curies":[{"name":"wp","href":"https:\/\/api.w.org\/{rel}","templated":true}]}}